{"id":1403,"date":"2021-07-29T12:00:30","date_gmt":"2021-07-29T12:00:30","guid":{"rendered":"https:\/\/clinicacemeq.es\/estetica\/?page_id=1403"},"modified":"2023-02-10T12:20:44","modified_gmt":"2023-02-10T12:20:44","slug":"aviso-legal","status":"publish","type":"page","link":"https:\/\/clinicacemeq.es\/estetica\/aviso-legal\/","title":{"rendered":"Aviso Legal"},"content":{"rendered":"<h1 style=\"text-align: center;\">Aviso Legal<\/h1>\n<h3 style=\"text-align: justify;\">1. Datos identificativos<\/h3>\n<p style=\"text-align: justify;\">De acuerdo con el art\u00edculo 10 de la Ley 34\/2002, de 11 de julio, de Servicios de la Sociedad de la Informaci\u00f3n y Comercio Electr\u00f3nico, ponemos en su conocimiento la siguiente informaci\u00f3n:<\/p>\n<ol style=\"text-align: justify;\">\n<li>CLINICA CEMEQ SOCIEDAD LIMITADA, con CIF B-01906544, es una sociedad mercantil con domicilio en la Gran Via Marqu\u00e9s de Turia 37 bajo derecha, CP 46005, Valencia, e inscrita en el Registro Mercantil en Valencia en el Tomo 10868, Folio 155, Hoja V-194293, Inscripci\u00f3n 1\u00aa, del Registro Oficial de Centros Sanitarios de la Comunitat Valenciana<\/li>\n<li>CLINICA CEMEQ SL es la titular del dominio clinicacemeq.es y encargada de la explotaci\u00f3n, gesti\u00f3n y funcionamiento de la p\u00e1gina web\u00a0<a href=\"https:\/\/clinicacemeq.es\/estetica\/\">clinicacemeq.es<\/a><\/li>\n<li>Los m\u00e9todos de contacto con CLINICA CEMEQ SL son la direcci\u00f3n indicada como domicilio de la sociedad, el tel\u00e9fono 963059010 y el correo electr\u00f3nico\u00a0<a href=\"mailto:info@clinicacemeq.es\">info@clinicacemeq.es<\/a><\/li>\n<\/ol>\n<h3 style=\"text-align: justify;\">2. Objeto<\/h3>\n<p style=\"text-align: justify;\">Las presentes Condiciones Generales regulan el uso de -incluyendo el mero acceso a- las p\u00e1ginas web integrantes de www.clinicacemeq.es. Todo Usuario que acceda a la web acepta someterse a las Condiciones Generales vigentes en cada momento en que acceda a la web.<\/p>\n<p style=\"text-align: justify;\">Los contenidos y servicios que CL\u00cdNICA CEMEQ SL pone a disposici\u00f3n del Usuario en la web podr\u00e1n asimismo quedar regulados por condiciones particulares que, en caso de conflicto, prevalecer\u00e1n sobre las Condiciones Generales (las \u201cCondiciones Particulares\u201d). El Usuario se somete, asimismo, cada vez que solicite o utilice el correspondiente contenido o servicio, a sus correspondientes Condiciones Particulares aplicables.<\/p>\n<p style=\"text-align: justify;\">En consecuencia, el Usuario debe leer con atenci\u00f3n las Condiciones Generales cada vez que se proponga utilizar la web as\u00ed como, en su caso, las correspondientes Condiciones Particulares cada vez que se proponga utilizar el contenido o servicio de que se trate.<\/p>\n<p style=\"text-align: justify;\">En todo caso, CL\u00cdNICA CEMEQ SL se reserva el derecho de modificar, en cualquier momento, la presentaci\u00f3n y configuraci\u00f3n de la Web, as\u00ed como las presentes Condiciones Generales o las correspondientes Condiciones Particulares.<\/p>\n<h3 style=\"text-align: justify;\">3. Normas generales de acceso y uso de la p\u00e1gina web<\/h3>\n<p style=\"text-align: justify;\">Salvo que se disponga otra cosa en las Condiciones Particulares, el uso de la presente web tendr\u00e1 car\u00e1cter gratuito, sin perjuicio del coste de conexi\u00f3n que tenga para el Usuario el acceso a la correspondiente red de telecomunicaciones.<\/p>\n<p style=\"text-align: justify;\">El Usuario es consciente y acepta voluntaria y expresamente que el uso de la web se realiza en todo caso bajo su \u00fanica y exclusiva responsabilidad.<\/p>\n<h3 style=\"text-align: justify;\">4. Contenidos de la web<\/h3>\n<p style=\"text-align: justify;\">Los contenidos de la web son puestos a disposici\u00f3n del Usuario por CL\u00cdNICA CEMEQ SL con informaci\u00f3n procedente tanto de fuentes propias como de terceros.<\/p>\n<p style=\"text-align: justify;\">CL\u00cdNICA CEMEQ SL procura que los contenidos sean de la mayor calidad posible y est\u00e9n razonablemente actualizados, pero no garantiza la utilidad, exactitud, exhaustividad, pertinencia y\/o actualidad de los contenidos.<\/p>\n<p style=\"text-align: justify;\">La inclusi\u00f3n de contenidos en la web no constituye en modo alguno la prestaci\u00f3n de un servicio de asesoramiento m\u00e9dico. El Usuario reconoce que, en la medida en que la aplicaci\u00f3n de la Medicina no es autom\u00e1tica, sino que puede variar en funci\u00f3n de circunstancias muy diversas, la informaci\u00f3n recogida en los contenidos es insuficiente para la toma de decisiones de cualquier naturaleza. Por ello, la informaci\u00f3n incluida en los contenidos no puede ser considerada como una alternativa al asesoramiento m\u00e9dico, y CL\u00cdNICA CEMEQ SL desaconseja al Usuario la toma de decisiones sobre la base de la informaci\u00f3n recogida en los contenidos sin obtener un asesoramiento profesional adecuado.<\/p>\n<h3 style=\"text-align: justify;\">5. Derechos de Propiedad Intelectual e Industrial<\/h3>\n<p style=\"text-align: justify;\">Mediante estas Condiciones Generales no se cede ning\u00fan derecho de propiedad intelectual o industrial sobre la Web ni sobre ninguno de sus elementos integrantes, quedando expresamente prohibidos al Usuario la reproducci\u00f3n, transformaci\u00f3n, distribuci\u00f3n, comunicaci\u00f3n p\u00fablica, puesta a disposici\u00f3n, extracci\u00f3n, reutilizaci\u00f3n, reenv\u00edo o la utilizaci\u00f3n de cualquier naturaleza, por cualquier medio o procedimiento, de cualquiera de ellos, salvo en los casos en que est\u00e9 legalmente permitido o sea autorizado por el titular de los correspondientes derechos.<\/p>\n<p style=\"text-align: justify;\">El Usuario podr\u00e1 visualizar y obtener una copia privada temporal de los contenidos para su exclusivo uso personal y privado en sus sistemas inform\u00e1ticos (software y hardware), siempre que no sea con la finalidad de desarrollar actividades de car\u00e1cter comercial o profesional. El Usuario deber\u00e1 abstenerse de obtener, o intentar obtener, los contenidos por medios o procedimientos distintos de los que en cada caso se hayan puesto a su disposici\u00f3n o indicado al efecto o de los que se utilicen habitualmente en Internet (siempre que estos \u00faltimos no entra\u00f1en un riesgo de da\u00f1o o inutilizaci\u00f3n de la Web). El Usuario deber\u00e1 respetar en todo momento todos los derechos de propiedad intelectual e industrial sobre la Web, de titularidad de CL\u00cdNICA CEMEQ SL o de terceros.<\/p>\n<h4 style=\"text-align: justify;\">Hiperenlaces<\/h4>\n<p style=\"text-align: justify;\">El Usuario y, en general, cualquier persona f\u00edsica o jur\u00eddica que se proponga establecer un hiperenlace o dispositivo t\u00e9cnico de enlace (por ejemplo, links o botones) desde su sitio web a la web\u00a0<a href=\"https:\/\/clinicacemeq.es\/estetica\/\">www.clinicacemeq.es<\/a>\u00a0(el \u00abHiperenlace\u00ab) deber\u00e1 obtener una autorizaci\u00f3n previa y por escrito de CL\u00cdNICA CEMEQ SL.<\/p>\n<p style=\"text-align: justify;\">El establecimiento del Hiperenlace no implica en ning\u00fan caso la existencia de relaciones entre CL\u00cdNICA CEMEQ SL y el propietario del sitio o de la p\u00e1gina web en la que se establezca el Hiperenlace, ni la aceptaci\u00f3n o aprobaci\u00f3n por parte de CL\u00cdNICA CEMEQ SL de sus contenidos o servicios.<\/p>\n<p style=\"text-align: justify;\">En todo caso, CL\u00cdNICA CEMEQ SL se reserva el derecho de prohibir o inutilizar en cualquier momento cualquier hiperenlace a la Web, especialmente en los supuestos de ilicitud de la actividad o contenidos del sitio web en el que se incluye el hiperenlace.<\/p>\n<h4 style=\"text-align: justify;\">Sitios Enlazados<\/h4>\n<p style=\"text-align: justify;\">La Web pone a disposici\u00f3n del Usuario, \u00fanicamente para la b\u00fasqueda de, y acceso a, la informaci\u00f3n, contenidos y servicios disponibles en Internet, hiperenlaces o dispositivos t\u00e9cnicos de enlace (por ejemplo, links o botones), que permiten al Usuario el acceso a sitios o portales de Internet pertenecientes a o gestionados por terceros (los \u201cSitios Enlazados\u201d).<\/p>\n<p style=\"text-align: justify;\">CL\u00cdNICA CEMEQ SL no ofrece ni comercializa por s\u00ed ni por medio de terceros la informaci\u00f3n, contenidos y servicios disponibles en los Sitios Enlazados, ni aprueba, supervisa o controla en modo alguno los contenidos y servicios y cualquier material de cualquier naturaleza existente en los mismos, asumiendo el Usuario de manera exclusiva toda la responsabilidad de la navegaci\u00f3n a trav\u00e9s de los mismos.<\/p>\n<p style=\"text-align: justify;\">Las presentes Condiciones Generales regulan el uso de -incluyendo el mero acceso a- las p\u00e1ginas<\/p>\n<h3 style=\"text-align: justify;\">6. Publicaci\u00f3n de im\u00e1genes de personas<\/h3>\n<p style=\"text-align: justify;\">En relaci\u00f3n con las im\u00e1genes de personas que aparecen en el sitio Web, CLINICA CEMEQ SL efect\u00faa la publicaci\u00f3n con un serio respeto a la Ley Org\u00e1nica 1\/1982 de 5 de mayo, de protecci\u00f3n del derecho al honor, a la intimidad personal y familiar, y a la propia imagen.<\/p>\n<p style=\"text-align: justify;\">El Usuario no est\u00e1 autorizado para que pueda reproducir, distribuir y comunicar im\u00e1genes fotogr\u00e1ficas y\/o videogr\u00e1ficas. Estas im\u00e1genes s\u00f3lo son utilizadas, \u00fanica y exclusivamente, en la composici\u00f3n de archivos gr\u00e1ficos o video gr\u00e1ficos, elaboradas para fines cient\u00edficos, de divulgaci\u00f3n de la t\u00e9cnica ya sea en documentos gr\u00e1ficos y escritos y medios divulgativos como en p\u00e1ginas webs de la cl\u00ednica o fotograf\u00edas y v\u00eddeos comerciales.<\/p>\n<p style=\"text-align: justify;\">El tratamiento de las im\u00e1genes de los pacientes, se efect\u00faa con serio respeto hacia la persona, eliminando cualesquiera captaciones o filmaciones que pudieren atentar los derechos fundamentales. Las im\u00e1genes no son utilizadas para otros fines distintos a los expresados, ni son cedidos a terceras personas, salvo las autorizadas al tratamiento.<\/p>\n<p style=\"text-align: justify;\">En todo caso, la persona afectada por una publicaci\u00f3n en el sitio Web, podr\u00e1 revocar el consentimiento que hubiere prestado u oponerse al tratamiento de la imagen, o ejercitar los derechos de acceso, modificaci\u00f3n o cancelaci\u00f3n, en cualquier momento, presentando o enviando un escrito, acompa\u00f1ado de la fotocopia de su DNI, a la CLINIC CEMEZ SL, Gran V\u00eda Marqu\u00e9s de Turia 37, bajo derecha, CP 46005 de Valencia o por correo electr\u00f3nico a la direcci\u00f3n:\u00a0<a href=\"mailto:info@clinicacemeq.es\">info@clinicacemeq.es<\/a>, indicando en el \u201casunto\u201d: LOPD.<\/p>\n<h3 style=\"text-align: justify;\">7. Aviso a pacientes y\/o familiares<\/h3>\n<p style=\"text-align: justify;\">La informaci\u00f3n de contenido m\u00e9dico que pueda estar disponible en este sitio web no debe utilizarse para diagnosticar o tratar problema alguno. CLINICA CEMEQ SL excluye cualquier responsabilidad por los da\u00f1os y perjuicios de toda naturaleza que puedan deberse a la falta de veracidad, exactitud, exhaustividad y\/o actualidad de los contenidos del sitio Web, salvo los que le sean directamente imputables. Si tiene o sospecha la existencia de un problema de salud consulte a su m\u00e9dico de cabecera.<\/p>\n<h3 style=\"text-align: justify;\">8. Ley aplicable y jurisdicci\u00f3n<\/h3>\n<p style=\"text-align: justify;\">Estas Condiciones Generales se rigen por la ley com\u00fan espa\u00f1ola y, salvo que se establezca otra cosa en la normativa aplicable (incluida la normativa de consumidores y usuarios), cualquier conflicto se someter\u00e1 por las partes por los jueces y tribunales de Valencia capital.<\/p>\n","protected":false},"excerpt":{"rendered":"<p>Aviso Legal 1. Datos identificativos De acuerdo con el art\u00edculo 10 de la Ley 34\/2002, de 11 de julio, de Servicios de la Sociedad de la Informaci\u00f3n y Comercio Electr\u00f3nico, ponemos en su conocimiento la siguiente informaci\u00f3n: CLINICA CEMEQ SOCIEDAD LIMITADA, con CIF B-01906544, es una sociedad mercantil con domicilio en la Gran Via Marqu\u00e9s [&#8230;]\n","protected":false},"author":6,"featured_media":0,"parent":0,"menu_order":0,"comment_status":"closed","ping_status":"closed","template":"","meta":{"footnotes":""},"yoast_head":"<!-- This site is optimized with the Yoast SEO Premium plugin v18.3 (Yoast SEO v24.5) - https:\/\/yoast.com\/wordpress\/plugins\/seo\/ -->\n<title>Aviso Legal - Cl\u00ednica Est\u00e9tica CEMEQ<\/title>\n<meta name=\"description\" content=\"Este es el aviso legal del sitio web de la Cl\u00ednica Cemeq. Por favor, lea nuestros t\u00e9rminos y condiciones antes de utilizar este sitio.\" \/>\n<meta name=\"robots\" content=\"index, follow, max-snippet:-1, max-image-preview:large, max-video-preview:-1\" \/>\n<link rel=\"canonical\" href=\"https:\/\/clinicacemeq.es\/estetica\/aviso-legal\/\" \/>\n<meta property=\"og:locale\" content=\"es_ES\" \/>\n<meta property=\"og:type\" content=\"article\" \/>\n<meta property=\"og:title\" content=\"Aviso Legal\" \/>\n<meta property=\"og:description\" content=\"Este es el aviso legal del sitio web de la Cl\u00ednica Cemeq. Por favor, lea nuestros t\u00e9rminos y condiciones antes de utilizar este sitio.\" \/>\n<meta property=\"og:url\" content=\"https:\/\/clinicacemeq.es\/estetica\/aviso-legal\/\" \/>\n<meta property=\"og:site_name\" content=\"Cl\u00ednica Est\u00e9tica CEMEQ\" \/>\n<meta property=\"article:modified_time\" content=\"2023-02-10T12:20:44+00:00\" \/>\n<meta name=\"twitter:card\" content=\"summary_large_image\" \/>\n<meta name=\"twitter:label1\" content=\"Tiempo de lectura\" \/>\n\t<meta name=\"twitter:data1\" content=\"7 minutos\" \/>\n<script type=\"application\/ld+json\" class=\"yoast-schema-graph\">{\"@context\":\"https:\/\/schema.org\",\"@graph\":[{\"@type\":\"WebPage\",\"@id\":\"https:\/\/clinicacemeq.es\/estetica\/aviso-legal\/\",\"url\":\"https:\/\/clinicacemeq.es\/estetica\/aviso-legal\/\",\"name\":\"Aviso Legal - Cl\u00ednica Est\u00e9tica CEMEQ\",\"isPartOf\":{\"@id\":\"https:\/\/clinicacemeq.es\/estetica\/#website\"},\"datePublished\":\"2021-07-29T12:00:30+00:00\",\"dateModified\":\"2023-02-10T12:20:44+00:00\",\"description\":\"Este es el aviso legal del sitio web de la Cl\u00ednica Cemeq. Por favor, lea nuestros t\u00e9rminos y condiciones antes de utilizar este sitio.\",\"breadcrumb\":{\"@id\":\"https:\/\/clinicacemeq.es\/estetica\/aviso-legal\/#breadcrumb\"},\"inLanguage\":\"es\",\"potentialAction\":[{\"@type\":\"ReadAction\",\"target\":[\"https:\/\/clinicacemeq.es\/estetica\/aviso-legal\/\"]}]},{\"@type\":\"BreadcrumbList\",\"@id\":\"https:\/\/clinicacemeq.es\/estetica\/aviso-legal\/#breadcrumb\",\"itemListElement\":[{\"@type\":\"ListItem\",\"position\":1,\"name\":\"Portada\",\"item\":\"https:\/\/clinicacemeq.es\/estetica\/\"},{\"@type\":\"ListItem\",\"position\":2,\"name\":\"Aviso Legal\"}]},{\"@type\":\"WebSite\",\"@id\":\"https:\/\/clinicacemeq.es\/estetica\/#website\",\"url\":\"https:\/\/clinicacemeq.es\/estetica\/\",\"name\":\"Cl\u00ednica Est\u00e9tica CEMEQ\",\"description\":\"Medicina est\u00e9tica \u0131 Cirug\u00eda Est\u00e9tica \u0131 Cl\u00ednica Dental \u0131 Unidad Capilar \u0131 Unidad de Obesidad\",\"potentialAction\":[{\"@type\":\"SearchAction\",\"target\":{\"@type\":\"EntryPoint\",\"urlTemplate\":\"https:\/\/clinicacemeq.es\/estetica\/?s={search_term_string}\"},\"query-input\":{\"@type\":\"PropertyValueSpecification\",\"valueRequired\":true,\"valueName\":\"search_term_string\"}}],\"inLanguage\":\"es\"}]}<\/script>\n<!-- \/ Yoast SEO Premium plugin. -->","yoast_head_json":{"title":"Aviso Legal - Cl\u00ednica Est\u00e9tica CEMEQ","description":"Este es el aviso legal del sitio web de la Cl\u00ednica Cemeq. Por favor, lea nuestros t\u00e9rminos y condiciones antes de utilizar este sitio.","robots":{"index":"index","follow":"follow","max-snippet":"max-snippet:-1","max-image-preview":"max-image-preview:large","max-video-preview":"max-video-preview:-1"},"canonical":"https:\/\/clinicacemeq.es\/estetica\/aviso-legal\/","og_locale":"es_ES","og_type":"article","og_title":"Aviso Legal","og_description":"Este es el aviso legal del sitio web de la Cl\u00ednica Cemeq. Por favor, lea nuestros t\u00e9rminos y condiciones antes de utilizar este sitio.","og_url":"https:\/\/clinicacemeq.es\/estetica\/aviso-legal\/","og_site_name":"Cl\u00ednica Est\u00e9tica CEMEQ","article_modified_time":"2023-02-10T12:20:44+00:00","twitter_card":"summary_large_image","twitter_misc":{"Tiempo de lectura":"7 minutos"},"schema":{"@context":"https:\/\/schema.org","@graph":[{"@type":"WebPage","@id":"https:\/\/clinicacemeq.es\/estetica\/aviso-legal\/","url":"https:\/\/clinicacemeq.es\/estetica\/aviso-legal\/","name":"Aviso Legal - Cl\u00ednica Est\u00e9tica CEMEQ","isPartOf":{"@id":"https:\/\/clinicacemeq.es\/estetica\/#website"},"datePublished":"2021-07-29T12:00:30+00:00","dateModified":"2023-02-10T12:20:44+00:00","description":"Este es el aviso legal del sitio web de la Cl\u00ednica Cemeq. Por favor, lea nuestros t\u00e9rminos y condiciones antes de utilizar este sitio.","breadcrumb":{"@id":"https:\/\/clinicacemeq.es\/estetica\/aviso-legal\/#breadcrumb"},"inLanguage":"es","potentialAction":[{"@type":"ReadAction","target":["https:\/\/clinicacemeq.es\/estetica\/aviso-legal\/"]}]},{"@type":"BreadcrumbList","@id":"https:\/\/clinicacemeq.es\/estetica\/aviso-legal\/#breadcrumb","itemListElement":[{"@type":"ListItem","position":1,"name":"Portada","item":"https:\/\/clinicacemeq.es\/estetica\/"},{"@type":"ListItem","position":2,"name":"Aviso Legal"}]},{"@type":"WebSite","@id":"https:\/\/clinicacemeq.es\/estetica\/#website","url":"https:\/\/clinicacemeq.es\/estetica\/","name":"Cl\u00ednica Est\u00e9tica CEMEQ","description":"Medicina est\u00e9tica \u0131 Cirug\u00eda Est\u00e9tica \u0131 Cl\u00ednica Dental \u0131 Unidad Capilar \u0131 Unidad de Obesidad","potentialAction":[{"@type":"SearchAction","target":{"@type":"EntryPoint","urlTemplate":"https:\/\/clinicacemeq.es\/estetica\/?s={search_term_string}"},"query-input":{"@type":"PropertyValueSpecification","valueRequired":true,"valueName":"search_term_string"}}],"inLanguage":"es"}]}},"_links":{"self":[{"href":"https:\/\/clinicacemeq.es\/estetica\/wp-json\/wp\/v2\/pages\/1403"}],"collection":[{"href":"https:\/\/clinicacemeq.es\/estetica\/wp-json\/wp\/v2\/pages"}],"about":[{"href":"https:\/\/clinicacemeq.es\/estetica\/wp-json\/wp\/v2\/types\/page"}],"author":[{"embeddable":true,"href":"https:\/\/clinicacemeq.es\/estetica\/wp-json\/wp\/v2\/users\/6"}],"replies":[{"embeddable":true,"href":"https:\/\/clinicacemeq.es\/estetica\/wp-json\/wp\/v2\/comments?post=1403"}],"version-history":[{"count":2,"href":"https:\/\/clinicacemeq.es\/estetica\/wp-json\/wp\/v2\/pages\/1403\/revisions"}],"predecessor-version":[{"id":7981,"href":"https:\/\/clinicacemeq.es\/estetica\/wp-json\/wp\/v2\/pages\/1403\/revisions\/7981"}],"wp:attachment":[{"href":"https:\/\/clinicacemeq.es\/estetica\/wp-json\/wp\/v2\/media?parent=1403"}],"curies":[{"name":"wp","href":"https:\/\/api.w.org\/{rel}","templated":true}]}}