{"id":1299,"date":"2021-07-16T09:50:08","date_gmt":"2021-07-16T09:50:08","guid":{"rendered":"https:\/\/clinicacemeq.es\/estetica\/?page_id=1299"},"modified":"2023-03-29T08:17:45","modified_gmt":"2023-03-29T08:17:45","slug":"aseguradoras","status":"publish","type":"page","link":"https:\/\/clinicacemeq.es\/estetica\/aseguradoras\/","title":{"rendered":"Aseguradoras &#8211; Seguros dentales &#8211; Seguros M\u00e9dicos"},"content":{"rendered":"\t<section class=\"section\" id=\"section_893389464\">\n\t\t<div class=\"bg section-bg fill bg-fill  bg-loaded\" >\n\n\t\t\t\n\t\t\t\n\t\t\t\n\n\t\t<\/div>\n\n\t\t\n\n\t\t<div class=\"section-content relative\">\n\t\t\t\n<div class=\"row\"  id=\"row-1488040538\">\n\n\t<div id=\"col-1741296543\" class=\"col small-12 large-12\"  >\n\t\t\t\t<div class=\"col-inner text-center\"  >\n\t\t\t\n\t\t\t\n\t<div id=\"text-355422798\" class=\"text\">\n\t\t\n<h1><strong>Convenios aseguradoras<\/strong><\/h1>\n<p>Trabajamos con diferentes aseguradoras para poder ofrecer nuestros servicios al mayor n\u00famero de pacientes posible. Seguro que encontrar\u00e1s la tuya, de no hacerlo, contacta con nuestra cl\u00ednica y te ayudaremos.<\/p>\n\t\t\n<style>\n#text-355422798 {\n  font-size: 1.3rem;\n}\n<\/style>\n\t<\/div>\n\t\n\t\t<\/div>\n\t\t\t\t\t<\/div>\n\n\t\n<\/div>\n<div class=\"slider-wrapper relative\" id=\"slider-1700936249\" >\n    <div class=\"slider slider-nav-circle slider-nav-normal slider-nav-dark slider-style-normal slider-show-nav\"\n        data-flickity-options='{\n            \"cellAlign\": \"center\",\n            \"imagesLoaded\": true,\n            \"lazyLoad\": 1,\n            \"freeScroll\": false,\n            \"wrapAround\": true,\n            \"autoPlay\": 4500,\n            \"pauseAutoPlayOnHover\" : true,\n            \"prevNextButtons\": false,\n            \"contain\" : true,\n            \"adaptiveHeight\" : true,\n            \"dragThreshold\" : 10,\n            \"percentPosition\": true,\n            \"pageDots\": true,\n            \"rightToLeft\": false,\n            \"draggable\": true,\n            \"selectedAttraction\": 0.1,\n            \"parallax\" : 0,\n            \"friction\": 0.6        }'\n        >\n        \n<div class=\"row row-full-width align-equal align-center\"  id=\"row-2025901631\">\n\n\t<div id=\"col-1947564457\" class=\"col small-12 large-12\"  >\n\t\t\t\t<div class=\"col-inner text-center\"  >\n\t\t\t\n\t\t\t\n\n  \n    <div class=\"row large-columns-7 medium-columns-7 small-columns-3 row-small row-full-width\">\n  <div class=\"gallery-col col\" >\n          <div class=\"col-inner\">\n                        <div class=\"box has-hover gallery-box box-none\">\n              <div class=\"box-image\" >\n                <img loading=\"lazy\" decoding=\"async\" width=\"200\" height=\"120\" src=\"https:\/\/clinicacemeq.es\/estetica\/wp-content\/uploads\/2021\/07\/32-2.jpg\" class=\"attachment-original size-original\" alt=\"\" ids=\"1249,1222,1218,1253,1248,1247,1228\" style=\"none\" lightbox=\"false\" width=\"full-width\" col_spacing=\"small\" columns=\"7\" columns__sm=\"3\" columns__md=\"7\" image_size=\"original\" \/>                                                              <\/div>\n              <div class=\"box-text text-left\" >\n                 <p><\/p>\n              <\/div>\n            <\/div>\n                      <\/div>\n         <\/div><div class=\"gallery-col col\" >\n          <div class=\"col-inner\">\n                        <div class=\"box has-hover gallery-box box-none\">\n              <div class=\"box-image\" >\n                <img loading=\"lazy\" decoding=\"async\" width=\"200\" height=\"120\" src=\"https:\/\/clinicacemeq.es\/estetica\/wp-content\/uploads\/2021\/07\/5.jpg\" class=\"attachment-original size-original\" alt=\"\" ids=\"1249,1222,1218,1253,1248,1247,1228\" style=\"none\" lightbox=\"false\" width=\"full-width\" col_spacing=\"small\" columns=\"7\" columns__sm=\"3\" columns__md=\"7\" image_size=\"original\" \/>                                                              <\/div>\n              <div class=\"box-text text-left\" >\n                 <p><\/p>\n              <\/div>\n            <\/div>\n                      <\/div>\n         <\/div><div class=\"gallery-col col\" >\n          <div class=\"col-inner\">\n                        <div class=\"box has-hover gallery-box box-none\">\n              <div class=\"box-image\" >\n                <img loading=\"lazy\" decoding=\"async\" width=\"200\" height=\"120\" src=\"https:\/\/clinicacemeq.es\/estetica\/wp-content\/uploads\/2021\/07\/1.jpg\" class=\"attachment-original size-original\" alt=\"\" ids=\"1249,1222,1218,1253,1248,1247,1228\" style=\"none\" lightbox=\"false\" width=\"full-width\" col_spacing=\"small\" columns=\"7\" columns__sm=\"3\" columns__md=\"7\" image_size=\"original\" \/>                                                              <\/div>\n              <div class=\"box-text text-left\" >\n                 <p><\/p>\n              <\/div>\n            <\/div>\n                      <\/div>\n         <\/div><div class=\"gallery-col col\" >\n          <div class=\"col-inner\">\n                        <div class=\"box has-hover gallery-box box-none\">\n              <div class=\"box-image\" >\n                <img loading=\"lazy\" decoding=\"async\" width=\"200\" height=\"120\" src=\"https:\/\/clinicacemeq.es\/estetica\/wp-content\/uploads\/2021\/07\/36-1.jpg\" class=\"attachment-original size-original\" alt=\"\" ids=\"1249,1222,1218,1253,1248,1247,1228\" style=\"none\" lightbox=\"false\" width=\"full-width\" col_spacing=\"small\" columns=\"7\" columns__sm=\"3\" columns__md=\"7\" image_size=\"original\" \/>                                                              <\/div>\n              <div class=\"box-text text-left\" >\n                 <p><\/p>\n              <\/div>\n            <\/div>\n                      <\/div>\n         <\/div><div class=\"gallery-col col\" >\n          <div class=\"col-inner\">\n                        <div class=\"box has-hover gallery-box box-none\">\n              <div class=\"box-image\" >\n                <img loading=\"lazy\" decoding=\"async\" width=\"200\" height=\"120\" src=\"https:\/\/clinicacemeq.es\/estetica\/wp-content\/uploads\/2021\/07\/31-2.jpg\" class=\"attachment-original size-original\" alt=\"\" ids=\"1249,1222,1218,1253,1248,1247,1228\" style=\"none\" lightbox=\"false\" width=\"full-width\" col_spacing=\"small\" columns=\"7\" columns__sm=\"3\" columns__md=\"7\" image_size=\"original\" \/>                                                              <\/div>\n              <div class=\"box-text text-left\" >\n                 <p><\/p>\n              <\/div>\n            <\/div>\n                      <\/div>\n         <\/div><div class=\"gallery-col col\" >\n          <div class=\"col-inner\">\n                        <div class=\"box has-hover gallery-box box-none\">\n              <div class=\"box-image\" >\n                <img loading=\"lazy\" decoding=\"async\" width=\"200\" height=\"120\" src=\"https:\/\/clinicacemeq.es\/estetica\/wp-content\/uploads\/2021\/07\/30-1.jpg\" class=\"attachment-original size-original\" alt=\"\" ids=\"1249,1222,1218,1253,1248,1247,1228\" style=\"none\" lightbox=\"false\" width=\"full-width\" col_spacing=\"small\" columns=\"7\" columns__sm=\"3\" columns__md=\"7\" image_size=\"original\" \/>                                                              <\/div>\n              <div class=\"box-text text-left\" >\n                 <p><\/p>\n              <\/div>\n            <\/div>\n                      <\/div>\n         <\/div><div class=\"gallery-col col\" >\n          <div class=\"col-inner\">\n                        <div class=\"box has-hover gallery-box box-none\">\n              <div class=\"box-image\" >\n                <img loading=\"lazy\" decoding=\"async\" width=\"200\" height=\"120\" src=\"https:\/\/clinicacemeq.es\/estetica\/wp-content\/uploads\/2021\/07\/11.jpg\" class=\"attachment-original size-original\" alt=\"\" ids=\"1249,1222,1218,1253,1248,1247,1228\" style=\"none\" lightbox=\"false\" width=\"full-width\" col_spacing=\"small\" columns=\"7\" columns__sm=\"3\" columns__md=\"7\" image_size=\"original\" \/>                                                              <\/div>\n              <div class=\"box-text text-left\" >\n                 <p><\/p>\n              <\/div>\n            <\/div>\n                      <\/div>\n         <\/div><\/div>\n\t<div id=\"gap-607911094\" class=\"gap-element clearfix\" style=\"display:block; height:auto;\">\n\t\t\n<style>\n#gap-607911094 {\n  padding-top: 30px;\n}\n<\/style>\n\t<\/div>\n\t\n\t\t<\/div>\n\t\t\t\t\t<\/div>\n\n\t\n<\/div>\n<div class=\"row row-full-width align-equal align-center\"  id=\"row-1131525802\">\n\n\t<div id=\"col-1001594568\" class=\"col small-12 large-12\"  >\n\t\t\t\t<div class=\"col-inner text-center\"  >\n\t\t\t\n\t\t\t\n\n  \n    <div class=\"row large-columns-7 medium-columns-7 small-columns-3 row-small row-full-width\">\n  <div class=\"gallery-col col\" >\n          <div class=\"col-inner\">\n                        <div class=\"box has-hover gallery-box box-none\">\n              <div class=\"box-image\" >\n                <img loading=\"lazy\" decoding=\"async\" width=\"200\" height=\"120\" src=\"https:\/\/clinicacemeq.es\/estetica\/wp-content\/uploads\/2021\/07\/65.jpg\" class=\"attachment-original size-original\" alt=\"\" ids=\"1282,1281,1280,1279,1276,1274,1275\" style=\"none\" lightbox=\"false\" width=\"full-width\" col_spacing=\"small\" columns=\"7\" columns__sm=\"3\" columns__md=\"7\" image_size=\"original\" \/>                                                              <\/div>\n              <div class=\"box-text text-left\" >\n                 <p><\/p>\n              <\/div>\n            <\/div>\n                      <\/div>\n         <\/div><div class=\"gallery-col col\" >\n          <div class=\"col-inner\">\n                        <div class=\"box has-hover gallery-box box-none\">\n              <div class=\"box-image\" >\n                <img loading=\"lazy\" decoding=\"async\" width=\"200\" height=\"120\" src=\"https:\/\/clinicacemeq.es\/estetica\/wp-content\/uploads\/2021\/07\/64.jpg\" class=\"attachment-original size-original\" alt=\"\" ids=\"1282,1281,1280,1279,1276,1274,1275\" style=\"none\" lightbox=\"false\" width=\"full-width\" col_spacing=\"small\" columns=\"7\" columns__sm=\"3\" columns__md=\"7\" image_size=\"original\" \/>                                                              <\/div>\n              <div class=\"box-text text-left\" >\n                 <p><\/p>\n              <\/div>\n            <\/div>\n                      <\/div>\n         <\/div><div class=\"gallery-col col\" >\n          <div class=\"col-inner\">\n                        <div class=\"box has-hover gallery-box box-none\">\n              <div class=\"box-image\" >\n                <img loading=\"lazy\" decoding=\"async\" width=\"200\" height=\"120\" src=\"https:\/\/clinicacemeq.es\/estetica\/wp-content\/uploads\/2021\/07\/63.jpg\" class=\"attachment-original size-original\" alt=\"\" ids=\"1282,1281,1280,1279,1276,1274,1275\" style=\"none\" lightbox=\"false\" width=\"full-width\" col_spacing=\"small\" columns=\"7\" columns__sm=\"3\" columns__md=\"7\" image_size=\"original\" \/>                                                              <\/div>\n              <div class=\"box-text text-left\" >\n                 <p><\/p>\n              <\/div>\n            <\/div>\n                      <\/div>\n         <\/div><div class=\"gallery-col col\" >\n          <div class=\"col-inner\">\n                        <div class=\"box has-hover gallery-box box-none\">\n              <div class=\"box-image\" >\n                <img loading=\"lazy\" decoding=\"async\" width=\"200\" height=\"120\" src=\"https:\/\/clinicacemeq.es\/estetica\/wp-content\/uploads\/2021\/07\/62.jpg\" class=\"attachment-original size-original\" alt=\"\" ids=\"1282,1281,1280,1279,1276,1274,1275\" style=\"none\" lightbox=\"false\" width=\"full-width\" col_spacing=\"small\" columns=\"7\" columns__sm=\"3\" columns__md=\"7\" image_size=\"original\" \/>                                                              <\/div>\n              <div class=\"box-text text-left\" >\n                 <p><\/p>\n              <\/div>\n            <\/div>\n                      <\/div>\n         <\/div><div class=\"gallery-col col\" >\n          <div class=\"col-inner\">\n                        <div class=\"box has-hover gallery-box box-none\">\n              <div class=\"box-image\" >\n                <img loading=\"lazy\" decoding=\"async\" width=\"200\" height=\"120\" src=\"https:\/\/clinicacemeq.es\/estetica\/wp-content\/uploads\/2021\/07\/59.jpg\" class=\"attachment-original size-original\" alt=\"\" ids=\"1282,1281,1280,1279,1276,1274,1275\" style=\"none\" lightbox=\"false\" width=\"full-width\" col_spacing=\"small\" columns=\"7\" columns__sm=\"3\" columns__md=\"7\" image_size=\"original\" \/>                                                              <\/div>\n              <div class=\"box-text text-left\" >\n                 <p><\/p>\n              <\/div>\n            <\/div>\n                      <\/div>\n         <\/div><div class=\"gallery-col col\" >\n          <div class=\"col-inner\">\n                        <div class=\"box has-hover gallery-box box-none\">\n              <div class=\"box-image\" >\n                <img loading=\"lazy\" decoding=\"async\" width=\"200\" height=\"120\" src=\"https:\/\/clinicacemeq.es\/estetica\/wp-content\/uploads\/2021\/07\/57.jpg\" class=\"attachment-original size-original\" alt=\"\" ids=\"1282,1281,1280,1279,1276,1274,1275\" style=\"none\" lightbox=\"false\" width=\"full-width\" col_spacing=\"small\" columns=\"7\" columns__sm=\"3\" columns__md=\"7\" image_size=\"original\" \/>                                                              <\/div>\n              <div class=\"box-text text-left\" >\n                 <p><\/p>\n              <\/div>\n            <\/div>\n                      <\/div>\n         <\/div><div class=\"gallery-col col\" >\n          <div class=\"col-inner\">\n                        <div class=\"box has-hover gallery-box box-none\">\n              <div class=\"box-image\" >\n                <img loading=\"lazy\" decoding=\"async\" width=\"200\" height=\"120\" src=\"https:\/\/clinicacemeq.es\/estetica\/wp-content\/uploads\/2021\/07\/58.jpg\" class=\"attachment-original size-original\" alt=\"\" ids=\"1282,1281,1280,1279,1276,1274,1275\" style=\"none\" lightbox=\"false\" width=\"full-width\" col_spacing=\"small\" columns=\"7\" columns__sm=\"3\" columns__md=\"7\" image_size=\"original\" \/>                                                              <\/div>\n              <div class=\"box-text text-left\" >\n                 <p><\/p>\n              <\/div>\n            <\/div>\n                      <\/div>\n         <\/div><\/div>\n\t<div id=\"gap-590363197\" class=\"gap-element clearfix\" style=\"display:block; height:auto;\">\n\t\t\n<style>\n#gap-590363197 {\n  padding-top: 30px;\n}\n<\/style>\n\t<\/div>\n\t\n\t\t<\/div>\n\t\t\t\t\t<\/div>\n\n\t\n<\/div>\n     <\/div>\n\n     <div class=\"loading-spin dark large centered\"><\/div>\n\n     \t<\/div>\n\n\n\t\t<\/div>\n\n\t\t\n<style>\n#section_893389464 {\n  padding-top: 60px;\n  padding-bottom: 60px;\n  background-color: rgb(255,255,255);\n}\n#section_893389464 .ux-shape-divider--top svg {\n  height: 150px;\n  --divider-top-width: 100%;\n}\n#section_893389464 .ux-shape-divider--bottom svg {\n  height: 150px;\n  --divider-width: 100%;\n}\n<\/style>\n\t<\/section>\n\t\n","protected":false},"excerpt":{"rendered":"","protected":false},"author":6,"featured_media":0,"parent":0,"menu_order":0,"comment_status":"closed","ping_status":"closed","template":"page-blank.php","meta":{"footnotes":""},"yoast_head":"<!-- This site is optimized with the Yoast SEO Premium plugin v18.3 (Yoast SEO v24.5) - https:\/\/yoast.com\/wordpress\/plugins\/seo\/ -->\n<title>Aseguradoras - Seguros dentales - Seguros M\u00e9dicos - Cl\u00ednica Est\u00e9tica CEMEQ<\/title>\n<meta name=\"description\" content=\"Cemeq Clinic ofrece una variedad de servicios y cuenta con varios convenios de seguro. Cont\u00e1ctenos hoy para saber m\u00e1s sobre nuestra cl\u00ednica y los servicios que ofrecemos.\" \/>\n<meta name=\"robots\" content=\"index, follow, max-snippet:-1, max-image-preview:large, max-video-preview:-1\" \/>\n<link rel=\"canonical\" href=\"https:\/\/clinicacemeq.es\/estetica\/aseguradoras\/\" \/>\n<meta property=\"og:locale\" content=\"es_ES\" \/>\n<meta property=\"og:type\" content=\"article\" \/>\n<meta property=\"og:title\" content=\"Aseguradoras - Seguros dentales - Seguros M\u00e9dicos\" \/>\n<meta property=\"og:description\" content=\"Cemeq Clinic ofrece una variedad de servicios y cuenta con varios convenios de seguro. Cont\u00e1ctenos hoy para saber m\u00e1s sobre nuestra cl\u00ednica y los servicios que ofrecemos.\" \/>\n<meta property=\"og:url\" content=\"https:\/\/clinicacemeq.es\/estetica\/aseguradoras\/\" \/>\n<meta property=\"og:site_name\" content=\"Cl\u00ednica Est\u00e9tica CEMEQ\" \/>\n<meta property=\"article:modified_time\" content=\"2023-03-29T08:17:45+00:00\" \/>\n<meta name=\"twitter:card\" content=\"summary_large_image\" \/>\n<meta name=\"twitter:label1\" content=\"Tiempo de lectura\" \/>\n\t<meta name=\"twitter:data1\" content=\"1 minuto\" \/>\n<script type=\"application\/ld+json\" class=\"yoast-schema-graph\">{\"@context\":\"https:\/\/schema.org\",\"@graph\":[{\"@type\":\"WebPage\",\"@id\":\"https:\/\/clinicacemeq.es\/estetica\/aseguradoras\/\",\"url\":\"https:\/\/clinicacemeq.es\/estetica\/aseguradoras\/\",\"name\":\"Aseguradoras - Seguros dentales - Seguros M\u00e9dicos - Cl\u00ednica Est\u00e9tica CEMEQ\",\"isPartOf\":{\"@id\":\"https:\/\/clinicacemeq.es\/estetica\/#website\"},\"datePublished\":\"2021-07-16T09:50:08+00:00\",\"dateModified\":\"2023-03-29T08:17:45+00:00\",\"description\":\"Cemeq Clinic ofrece una variedad de servicios y cuenta con varios convenios de seguro. Cont\u00e1ctenos hoy para saber m\u00e1s sobre nuestra cl\u00ednica y los servicios que ofrecemos.\",\"breadcrumb\":{\"@id\":\"https:\/\/clinicacemeq.es\/estetica\/aseguradoras\/#breadcrumb\"},\"inLanguage\":\"es\",\"potentialAction\":[{\"@type\":\"ReadAction\",\"target\":[\"https:\/\/clinicacemeq.es\/estetica\/aseguradoras\/\"]}]},{\"@type\":\"BreadcrumbList\",\"@id\":\"https:\/\/clinicacemeq.es\/estetica\/aseguradoras\/#breadcrumb\",\"itemListElement\":[{\"@type\":\"ListItem\",\"position\":1,\"name\":\"Portada\",\"item\":\"https:\/\/clinicacemeq.es\/estetica\/\"},{\"@type\":\"ListItem\",\"position\":2,\"name\":\"Aseguradoras &#8211; Seguros dentales &#8211; Seguros M\u00e9dicos\"}]},{\"@type\":\"WebSite\",\"@id\":\"https:\/\/clinicacemeq.es\/estetica\/#website\",\"url\":\"https:\/\/clinicacemeq.es\/estetica\/\",\"name\":\"Cl\u00ednica Est\u00e9tica CEMEQ\",\"description\":\"Medicina est\u00e9tica \u0131 Cirug\u00eda Est\u00e9tica \u0131 Cl\u00ednica Dental \u0131 Unidad Capilar \u0131 Unidad de Obesidad\",\"potentialAction\":[{\"@type\":\"SearchAction\",\"target\":{\"@type\":\"EntryPoint\",\"urlTemplate\":\"https:\/\/clinicacemeq.es\/estetica\/?s={search_term_string}\"},\"query-input\":{\"@type\":\"PropertyValueSpecification\",\"valueRequired\":true,\"valueName\":\"search_term_string\"}}],\"inLanguage\":\"es\"}]}<\/script>\n<!-- \/ Yoast SEO Premium plugin. -->","yoast_head_json":{"title":"Aseguradoras - Seguros dentales - Seguros M\u00e9dicos - Cl\u00ednica Est\u00e9tica CEMEQ","description":"Cemeq Clinic ofrece una variedad de servicios y cuenta con varios convenios de seguro. Cont\u00e1ctenos hoy para saber m\u00e1s sobre nuestra cl\u00ednica y los servicios que ofrecemos.","robots":{"index":"index","follow":"follow","max-snippet":"max-snippet:-1","max-image-preview":"max-image-preview:large","max-video-preview":"max-video-preview:-1"},"canonical":"https:\/\/clinicacemeq.es\/estetica\/aseguradoras\/","og_locale":"es_ES","og_type":"article","og_title":"Aseguradoras - Seguros dentales - Seguros M\u00e9dicos","og_description":"Cemeq Clinic ofrece una variedad de servicios y cuenta con varios convenios de seguro. Cont\u00e1ctenos hoy para saber m\u00e1s sobre nuestra cl\u00ednica y los servicios que ofrecemos.","og_url":"https:\/\/clinicacemeq.es\/estetica\/aseguradoras\/","og_site_name":"Cl\u00ednica Est\u00e9tica CEMEQ","article_modified_time":"2023-03-29T08:17:45+00:00","twitter_card":"summary_large_image","twitter_misc":{"Tiempo de lectura":"1 minuto"},"schema":{"@context":"https:\/\/schema.org","@graph":[{"@type":"WebPage","@id":"https:\/\/clinicacemeq.es\/estetica\/aseguradoras\/","url":"https:\/\/clinicacemeq.es\/estetica\/aseguradoras\/","name":"Aseguradoras - Seguros dentales - Seguros M\u00e9dicos - Cl\u00ednica Est\u00e9tica CEMEQ","isPartOf":{"@id":"https:\/\/clinicacemeq.es\/estetica\/#website"},"datePublished":"2021-07-16T09:50:08+00:00","dateModified":"2023-03-29T08:17:45+00:00","description":"Cemeq Clinic ofrece una variedad de servicios y cuenta con varios convenios de seguro. Cont\u00e1ctenos hoy para saber m\u00e1s sobre nuestra cl\u00ednica y los servicios que ofrecemos.","breadcrumb":{"@id":"https:\/\/clinicacemeq.es\/estetica\/aseguradoras\/#breadcrumb"},"inLanguage":"es","potentialAction":[{"@type":"ReadAction","target":["https:\/\/clinicacemeq.es\/estetica\/aseguradoras\/"]}]},{"@type":"BreadcrumbList","@id":"https:\/\/clinicacemeq.es\/estetica\/aseguradoras\/#breadcrumb","itemListElement":[{"@type":"ListItem","position":1,"name":"Portada","item":"https:\/\/clinicacemeq.es\/estetica\/"},{"@type":"ListItem","position":2,"name":"Aseguradoras &#8211; Seguros dentales &#8211; Seguros M\u00e9dicos"}]},{"@type":"WebSite","@id":"https:\/\/clinicacemeq.es\/estetica\/#website","url":"https:\/\/clinicacemeq.es\/estetica\/","name":"Cl\u00ednica Est\u00e9tica CEMEQ","description":"Medicina est\u00e9tica \u0131 Cirug\u00eda Est\u00e9tica \u0131 Cl\u00ednica Dental \u0131 Unidad Capilar \u0131 Unidad de Obesidad","potentialAction":[{"@type":"SearchAction","target":{"@type":"EntryPoint","urlTemplate":"https:\/\/clinicacemeq.es\/estetica\/?s={search_term_string}"},"query-input":{"@type":"PropertyValueSpecification","valueRequired":true,"valueName":"search_term_string"}}],"inLanguage":"es"}]}},"_links":{"self":[{"href":"https:\/\/clinicacemeq.es\/estetica\/wp-json\/wp\/v2\/pages\/1299"}],"collection":[{"href":"https:\/\/clinicacemeq.es\/estetica\/wp-json\/wp\/v2\/pages"}],"about":[{"href":"https:\/\/clinicacemeq.es\/estetica\/wp-json\/wp\/v2\/types\/page"}],"author":[{"embeddable":true,"href":"https:\/\/clinicacemeq.es\/estetica\/wp-json\/wp\/v2\/users\/6"}],"replies":[{"embeddable":true,"href":"https:\/\/clinicacemeq.es\/estetica\/wp-json\/wp\/v2\/comments?post=1299"}],"version-history":[{"count":2,"href":"https:\/\/clinicacemeq.es\/estetica\/wp-json\/wp\/v2\/pages\/1299\/revisions"}],"predecessor-version":[{"id":9150,"href":"https:\/\/clinicacemeq.es\/estetica\/wp-json\/wp\/v2\/pages\/1299\/revisions\/9150"}],"wp:attachment":[{"href":"https:\/\/clinicacemeq.es\/estetica\/wp-json\/wp\/v2\/media?parent=1299"}],"curies":[{"name":"wp","href":"https:\/\/api.w.org\/{rel}","templated":true}]}}