{"id":9283,"date":"2022-11-03T16:08:22","date_gmt":"2022-11-03T16:08:22","guid":{"rendered":"https:\/\/clinicacemeq.es\/dental.vitaminizado.com\/?page_id=5050"},"modified":"2026-02-10T10:15:35","modified_gmt":"2026-02-10T10:15:35","slug":"protesis-removible-2","status":"publish","type":"page","link":"https:\/\/clinicacemeq.es\/dental\/protesis-removible-2\/","title":{"rendered":"Pr\u00f3tesis removibles"},"content":{"rendered":"\t<section class=\"section\" id=\"section_2136378691\">\n\t\t<div class=\"bg section-bg fill bg-fill  bg-loaded\" >\n\n\t\t\t\n\t\t\t\n\t\t\t\n\n\t\t<\/div>\n\n\t\t\n\n\t\t<div class=\"section-content relative\">\n\t\t\t\n<div class=\"row row-collapse row-full-width\"  id=\"row-385604255\">\n\n\t<div id=\"col-1792299126\" class=\"col small-12 large-12\"  >\n\t\t\t\t<div class=\"col-inner text-left\"  >\n\t\t\t\n\t\t\t\n\n  <div class=\"banner has-hover\" id=\"banner-86465141\">\n          <div class=\"banner-inner fill\">\n        <div class=\"banner-bg fill\" >\n            <div class=\"bg fill bg-fill \"><\/div>\n                                    \n                    <\/div>\n\t\t\n        <div class=\"banner-layers container\">\n            <div class=\"fill banner-link\"><\/div>            \n   <div id=\"text-box-845191732\" class=\"text-box banner-layer x5 md-x5 lg-x5 y50 md-y50 lg-y50 res-text\">\n                                <div class=\"text-box-content text dark\">\n              \n              <div class=\"text-inner text-left\">\n                  \n\t<div id=\"text-88805173\" class=\"text\">\n\t\t\n<h1 class=\"alt-font\">Pr\u00f3tesis Removibles<\/h1>\n\t\t\n<style>\n#text-88805173 {\n  font-size: 0.75rem;\n  line-height: 1.45;\n  text-align: left;\n  color: rgb(0,0,0);\n}\n#text-88805173 > * {\n  color: rgb(0,0,0);\n}\n@media (min-width:550px) {\n  #text-88805173 {\n    font-size: 1.3rem;\n  }\n}\n@media (min-width:850px) {\n  #text-88805173 {\n    font-size: 1.2rem;\n  }\n}\n<\/style>\n\t<\/div>\n\t\n\t<div id=\"text-77254440\" class=\"text\">\n\t\t\n<h3>Sustituye las piezas que has perdido en la boca de una forma removible<\/h3>\n\t\t\n<style>\n#text-77254440 {\n  font-size: 0.75rem;\n  color: rgb(0, 0, 0);\n}\n#text-77254440 > * {\n  color: rgb(0, 0, 0);\n}\n@media (min-width:550px) {\n  #text-77254440 {\n    font-size: 1rem;\n  }\n}\n<\/style>\n\t<\/div>\n\t\n<a href=\"https:\/\/wa.me\/34621219822?text=Hola%2C%20quiero%20agendar%20una%20valoraci%C3%B3n%20gratuita\" target=\"_self\" class=\"button secondary is-larger box-shadow-1\"  style=\"border-radius:99px;\">\n    <span>Pide tu cita<\/span>\n  <\/a>\n\n              <\/div>\n           <\/div>\n                            \n<style>\n#text-box-845191732 {\n  width: 65%;\n}\n#text-box-845191732 .text-box-content {\n  font-size: 100%;\n}\n@media (min-width:550px) {\n  #text-box-845191732 {\n    width: 54%;\n  }\n}\n@media (min-width:850px) {\n  #text-box-845191732 {\n    width: 53%;\n  }\n}\n<\/style>\n    <\/div>\n \n        <\/div>\n      <\/div>\n\n            \n<style>\n#banner-86465141 {\n  padding-top: 420px;\n}\n#banner-86465141 .bg.bg-loaded {\n  background-image: url(https:\/\/clinicacemeq.es\/dental\/wp-content\/uploads\/2022\/11\/protesis-dental-cemeq.jpeg);\n}\n#banner-86465141 .bg {\n  background-position: 56% 31%;\n}\n#banner-86465141 .ux-shape-divider--top svg {\n  height: 150px;\n  --divider-top-width: 100%;\n}\n#banner-86465141 .ux-shape-divider--bottom svg {\n  height: 150px;\n  --divider-width: 100%;\n}\n@media (min-width:550px) {\n  #banner-86465141 {\n    padding-top: 500px;\n  }\n}\n@media (min-width:850px) {\n  #banner-86465141 {\n    padding-top: 550px;\n  }\n}\n<\/style>\n  <\/div>\n\n\n\t\t<\/div>\n\t\t\t\t\t<\/div>\n\n\t\n<\/div>\n\t\t<\/div>\n\n\t\t\n<style>\n#section_2136378691 {\n  padding-top: 0px;\n  padding-bottom: 0px;\n}\n#section_2136378691 .ux-shape-divider--top svg {\n  height: 150px;\n  --divider-top-width: 100%;\n}\n#section_2136378691 .ux-shape-divider--bottom svg {\n  height: 150px;\n  --divider-width: 100%;\n}\n<\/style>\n\t<\/section>\n\t\n\t<section class=\"section\" id=\"section_1090819095\">\n\t\t<div class=\"bg section-bg fill bg-fill  bg-loaded\" >\n\n\t\t\t\n\t\t\t\n\t\t\t\n\n\t\t<\/div>\n\n\t\t\n\n\t\t<div class=\"section-content relative\">\n\t\t\t\n<div class=\"row row-small row-full-width align-equal\"  id=\"row-189533890\">\n\n\t<div id=\"col-340547681\" class=\"col medium-6 small-12 large-6\"  >\n\t\t\t\t<div class=\"col-inner box-shadow-2\"  >\n\t\t\t\n\t\t\t\n\n  <div class=\"banner has-hover\" id=\"banner-1805612577\">\n          <div class=\"banner-inner fill\">\n        <div class=\"banner-bg fill\" >\n            <div class=\"bg fill bg-fill \"><\/div>\n                                    \n                    <\/div>\n\t\t\n        <div class=\"banner-layers container\">\n            <div class=\"fill banner-link\"><\/div>            \n        <\/div>\n      <\/div>\n\n            \n<style>\n#banner-1805612577 {\n  padding-top: 99.99%;\n  background-color: rgb(255, 255, 255);\n}\n#banner-1805612577 .bg.bg-loaded {\n  background-image: url(https:\/\/clinicacemeq.es\/dental\/wp-content\/uploads\/2022\/11\/artificial-jaw-in-the-dentist-s-office-scaled.jpg);\n}\n#banner-1805612577 .bg {\n  background-position: 50% 78%;\n}\n#banner-1805612577 .ux-shape-divider--top svg {\n  height: 150px;\n  --divider-top-width: 100%;\n}\n#banner-1805612577 .ux-shape-divider--bottom svg {\n  height: 150px;\n  --divider-width: 100%;\n}\n@media (min-width:550px) {\n  #banner-1805612577 {\n    padding-top: 450px;\n  }\n}\n@media (min-width:850px) {\n  #banner-1805612577 {\n    padding-top: 500px;\n  }\n}\n<\/style>\n  <\/div>\n\n\n\t\t<\/div>\n\t\t\t\t\t<\/div>\n\n\t\n\n\t<div id=\"col-863736829\" class=\"col medium-6 small-12 large-6 small-col-first\"  >\n\t\t\t\t<div class=\"col-inner\"  >\n\t\t\t\n\t\t\t\n\t<div id=\"gap-797007514\" class=\"gap-element clearfix\" style=\"display:block; height:auto;\">\n\t\t\n<style>\n#gap-797007514 {\n  padding-top: 10px;\n}\n@media (min-width:850px) {\n  #gap-797007514 {\n    padding-top: 40px;\n  }\n}\n<\/style>\n\t<\/div>\n\t\n\t<div id=\"text-720576846\" class=\"text\">\n\t\t\n<h2>Especialistas en Pr\u00f3tesis removible<\/h2>\n\t\t\n<style>\n#text-720576846 {\n  font-size: 1.2rem;\n}\n<\/style>\n\t<\/div>\n\t\n\t<div id=\"text-2864219628\" class=\"text\">\n\t\t\n<p>En la cl\u00ednica dental CEMEQ disponemos de lo \u00faltimo en pr\u00f3tesis removible que te permitir\u00e1n disfrutar de las piezas dentales p\u00e9rdidas y devolver la funcionalidad y la est\u00e9tica deseada.<\/p>\n<p>Uno de los tratamientos m\u00e1s solicitados en nuestra cl\u00ednica dental CEMEQ son las pr\u00f3tesis removible.\u00a0 La colocaci\u00f3n de pr\u00f3tesis removibles se recomienda en casos de ausencia de piezas dentales para permitir al paciente recuperar la funci\u00f3n masticatoria y a la vez est\u00e9tica de la boca.<br \/>\n\t\t\n<style>\n#text-2864219628 {\n  font-size: 1.1rem;\n}\n<\/style>\n\t<\/div>\n\t\n<a href=\"https:\/\/clinicacemeq.es\/dental\/contacto\/\" target=\"_self\" class=\"button primary is-underline\"  >\n    <span>M\u00e1s informaci\u00f3n<\/span>\n  <\/a>\n\n\t\t<\/div>\n\t\t\t\t\n<style>\n#col-863736829 > .col-inner {\n  padding: 0px 0px 0px 0;\n}\n@media (min-width:850px) {\n  #col-863736829 > .col-inner {\n    padding: 10px 10px 10px 9%;\n  }\n}\n<\/style>\n\t<\/div>\n\n\t\n<\/div>\n\t\t<\/div>\n\n\t\t\n<style>\n#section_1090819095 {\n  padding-top: 30px;\n  padding-bottom: 30px;\n}\n#section_1090819095 .ux-shape-divider--top svg {\n  height: 150px;\n  --divider-top-width: 100%;\n}\n#section_1090819095 .ux-shape-divider--bottom svg {\n  height: 150px;\n  --divider-width: 100%;\n}\n<\/style>\n\t<\/section>\n\t\n\t<section class=\"section\" id=\"section_53281700\">\n\t\t<div class=\"bg section-bg fill bg-fill  bg-loaded\" >\n\n\t\t\t\n\t\t\t\n\t\t\t\n\n\t\t<\/div>\n\n\t\t\n\n\t\t<div class=\"section-content relative\">\n\t\t\t\n<div class=\"row\" style=\"max-width:92%\" id=\"row-1745621948\">\n\n\t<div id=\"col-119348300\" class=\"col medium-7 small-12 large-7\"  >\n\t\t\t\t<div class=\"col-inner\"  >\n\t\t\t\n\t\t\t\n\t<div id=\"text-763715178\" class=\"text\">\n\t\t\n<h2>Lo \u00faltimo en pr\u00f3tesis dentales removibles<\/h2>\n\t\t\n<style>\n#text-763715178 {\n  font-size: 1.2rem;\n  color: rgb(0,0,0);\n}\n#text-763715178 > * {\n  color: rgb(0,0,0);\n}\n<\/style>\n\t<\/div>\n\t\n\t<div id=\"text-3800184935\" class=\"text\">\n\t\t\n<p>El tratamiento consiste en la colocaci\u00f3n de piezas dentales de quita y pon. Para asegurar la m\u00e1xima comodidad del paciente, se lleva a cabo un estudio previo de la boca y de las condiciones personales del paciente. Adem\u00e1s, tambi\u00e9n se llevar\u00e1n a cabo diversas pruebas de colocaci\u00f3n.<br \/>\n\t\t\n<style>\n#text-3800184935 {\n  font-size: 1.1rem;\n  color: rgb(0,0,0);\n}\n#text-3800184935 > * {\n  color: rgb(0,0,0);\n}\n<\/style>\n\t<\/div>\n\t\n<h2>Beneficios de las Pr\u00f3tesis Removibles<\/h2>\n\t<div id=\"text-257395408\" class=\"text\">\n\t\t\n<p><strong>Econ\u00f3mico:<\/strong><\/p>\n<p>Precio asequible y econ\u00f3mico en comparaci\u00f3n con otras alternativas.<\/p>\n<p><strong>Eficiente:<\/strong><\/p>\n<p>Permite dar una soluci\u00f3n para aquellos que no pueden recurrir a un tratamiento m\u00e1s invasivo.<\/p>\n<p><strong>Adaptable:<\/strong><\/p>\n<p>Se adapta completamente a las necesidades de cada paciente.<\/p>\n<p><strong>Durabilidad:<\/strong><\/p>\n<p>Este tipo de pr\u00f3tesis suele durar con el tiempo.<br \/>\n\t\t\n<style>\n#text-257395408 {\n  font-size: 1.1rem;\n  color: rgb(0,0,0);\n}\n#text-257395408 > * {\n  color: rgb(0,0,0);\n}\n<\/style>\n\t<\/div>\n\t\n\t\t<\/div>\n\t\t\t\t\n<style>\n#col-119348300 > .col-inner {\n  padding: 0px 10px 0px 0px;\n}\n<\/style>\n\t<\/div>\n\n\t\n\n\t<div id=\"col-777298516\" class=\"col medium-5 small-12 large-5\"  >\n\t\t\t\t<div class=\"col-inner\"  >\n\t\t\t\n\t\t\t\n\t<div id=\"text-3218672490\" class=\"text\">\n\t\t\n<h2>Contacta con nosotros<\/h2>\n\t\t\n<style>\n#text-3218672490 {\n  text-align: center;\n  color: rgb(0,0,0);\n}\n#text-3218672490 > * {\n  color: rgb(0,0,0);\n}\n<\/style>\n\t<\/div>\n\t\n\n<div id=\"cita\" style=\"padding: 20px;\">\n<div class=\"wpforms-container wpforms-container-full wpforms-render-modern\" id=\"wpforms-11631\"><form id=\"wpforms-form-11631\" class=\"wpforms-validate wpforms-form wpforms-ajax-form\" data-formid=\"11631\" method=\"post\" enctype=\"multipart\/form-data\" action=\"\/dental\/wp-json\/wp\/v2\/pages\/9283\" data-token=\"4af9242ae90b6d8991664ee96d99a929\" data-token-time=\"1777633279\"><noscript class=\"wpforms-error-noscript\">Por favor, activa JavaScript en tu navegador para completar este formulario.<\/noscript><div class=\"wpforms-hidden\" id=\"wpforms-error-noscript\">Por favor, activa JavaScript en tu navegador para completar este formulario.<\/div><div class=\"wpforms-field-container\"><div id=\"wpforms-11631-field_2-container\" class=\"wpforms-field wpforms-field-text\" data-field-id=\"2\"><label class=\"wpforms-field-label\" for=\"wpforms-11631-field_2\">Nombre <span class=\"wpforms-required-label\" aria-hidden=\"true\">*<\/span><\/label><input type=\"text\" id=\"wpforms-11631-field_2\" class=\"wpforms-field-large wpforms-field-required\" name=\"wpforms[fields][2]\" aria-errormessage=\"wpforms-11631-field_2-error\" required><\/div><div id=\"wpforms-11631-field_3-container\" class=\"wpforms-field wpforms-field-email\" data-field-id=\"3\"><label class=\"wpforms-field-label\" for=\"wpforms-11631-field_3\">Correo <span class=\"wpforms-required-label\" aria-hidden=\"true\">*<\/span><\/label><input type=\"email\" id=\"wpforms-11631-field_3\" class=\"wpforms-field-large wpforms-field-required\" name=\"wpforms[fields][3]\" spellcheck=\"false\" aria-errormessage=\"wpforms-11631-field_3-error\" required><\/div><div id=\"wpforms-11631-field_4-container\" class=\"wpforms-field wpforms-field-number\" data-field-id=\"4\"><label class=\"wpforms-field-label\" for=\"wpforms-11631-field_4\">N\u00ba de tel\u00e9fono <span class=\"wpforms-required-label\" aria-hidden=\"true\">*<\/span><\/label><input type=\"number\" id=\"wpforms-11631-field_4\" class=\"wpforms-field-large wpforms-field-required\" name=\"wpforms[fields][4]\" aria-errormessage=\"wpforms-11631-field_4-error\" required><\/div><div id=\"wpforms-11631-field_5-container\" class=\"wpforms-field wpforms-field-select wpforms-field-select-style-classic\" data-field-id=\"5\"><label class=\"wpforms-field-label\" for=\"wpforms-11631-field_5\">\u00bfEn qu\u00e9 podemos ayudarte? <span class=\"wpforms-required-label\" aria-hidden=\"true\">*<\/span><\/label><select id=\"wpforms-11631-field_5\" class=\"wpforms-field-large wpforms-field-required\" name=\"wpforms[fields][5]\" required=\"required\"><option value=\"IMPLANTOLOG\u00cdA\" >IMPLANTOLOG\u00cdA<\/option><option value=\"ORTODONCIA\" >ORTODONCIA<\/option><option value=\"EST\u00c9TICA DENTAL\" >EST\u00c9TICA DENTAL<\/option><option value=\"CIRUG\u00cdA MAXILOFACIAL\" >CIRUG\u00cdA MAXILOFACIAL<\/option><option value=\"REVISI\u00d3N\" >REVISI\u00d3N<\/option><\/select><\/div><div id=\"wpforms-11631-field_6-container\" class=\"wpforms-field wpforms-field-checkbox\" data-field-id=\"6\"><fieldset><legend class=\"wpforms-field-label wpforms-label-hide\" aria-hidden=\"false\">Casillas de verificaci\u00f3n <span class=\"wpforms-required-label\" aria-hidden=\"true\">*<\/span><\/legend><ul id=\"wpforms-11631-field_6\" class=\"wpforms-field-required\"><li class=\"choice-1 depth-1\"><input type=\"checkbox\" id=\"wpforms-11631-field_6_1\" name=\"wpforms[fields][6][]\" value=\"He le\u00eddo y acepto la &lt;a href=&quot;https:\/\/clinicacemeq.es\/dental\/politica-privacidad\/&quot; target=&quot;_blank&quot; rel=&quot;noopener&quot;&gt;Pol\u00edtica de Privacidad y Protecci\u00f3n de Datos&lt;\/a&gt;.\" aria-errormessage=\"wpforms-11631-field_6_1-error\" aria-describedby=\"wpforms-11631-field_6-description\" required ><label class=\"wpforms-field-label-inline\" for=\"wpforms-11631-field_6_1\">He le\u00eddo y acepto la <a href=\"https:\/\/clinicacemeq.es\/dental\/politica-privacidad\/\" target=\"_blank\" rel=\"noopener\">Pol\u00edtica de Privacidad y Protecci\u00f3n de Datos<\/a>. <span class=\"wpforms-required-label\">*<\/span><\/label><\/li><\/ul><div id=\"wpforms-11631-field_6-description\" class=\"wpforms-field-description wpforms-disclaimer-description\"><p style=\"font-size: 10px;\">CLINICA CEMEQ SOCIEDAD LIMITADA, en calidad de responsable del tratamiento, tratar\u00e1 los datos recogidos con la finalidad de gestionar su solicitud de descarga del ebook y gestionar el inter\u00e9s mostrado en los productos y servicios de CEMEQ, bas\u00e1ndose en el consentimiento que expresamente manifiesta al remitir el presente formulario. Estos datos no ser\u00e1n comunicados a terceros salvo obligaci\u00f3n legal ni ser\u00e1n objeto de transferencias internacionales de datos. Puede ejercer sus derechos de acceso, rectificaci\u00f3n, supresi\u00f3n, portabilidad, limitaci\u00f3n del tratamiento y oposici\u00f3n en el correo <a href=\"mailto:info@clinicacemeq.es\" rel=\"noopener\">info@clinicacemeq.es<\/a>, tal como se indica en la <a href=\"https:\/\/clinicacemeq.es\/dental\/politica-privacidad\/\" rel=\"noopener\" target=\"_blank\">Pol\u00edtica de Privacidad<\/a>, donde dispone de m\u00e1s informaci\u00f3n sobre el tratamiento.<\/p><\/div><\/fieldset><\/div><\/div><!-- .wpforms-field-container --><div class=\"wpforms-submit-container\" ><input type=\"hidden\" name=\"wpforms[id]\" value=\"11631\"><input type=\"hidden\" name=\"page_title\" value=\"\"><input type=\"hidden\" name=\"page_url\" value=\"https:\/\/clinicacemeq.es\/dental\/wp-json\/wp\/v2\/pages\/9283\"><button type=\"submit\" name=\"wpforms[submit]\" id=\"wpforms-submit-11631\" class=\"wpforms-submit\" data-alt-text=\"Enviando reserva...\" data-submit-text=\"Enviar\" aria-live=\"assertive\" value=\"wpforms-submit\">Enviar<\/button><img loading=\"lazy\" decoding=\"async\" src=\"https:\/\/clinicacemeq.es\/dental\/wp-content\/plugins\/wpforms-lite\/assets\/images\/submit-spin.svg\" class=\"wpforms-submit-spinner\" style=\"display: none;\" width=\"26\" height=\"26\" alt=\"Cargando\"><\/div><\/form><\/div>  <!-- .wpforms-container -->\n<\/div>\n\n\t\t<\/div>\n\t\t\t\t\t<\/div>\n\n\t\n<\/div>\n\t\t<\/div>\n\n\t\t\n<style>\n#section_53281700 {\n  padding-top: 30px;\n  padding-bottom: 30px;\n  background-color: rgb(247, 247, 247);\n}\n#section_53281700 .ux-shape-divider--top svg {\n  height: 150px;\n  --divider-top-width: 100%;\n}\n#section_53281700 .ux-shape-divider--bottom svg {\n  height: 150px;\n  --divider-width: 100%;\n}\n<\/style>\n\t<\/section>\n\t\n","protected":false},"excerpt":{"rendered":"","protected":false},"author":5,"featured_media":5131,"parent":0,"menu_order":0,"comment_status":"closed","ping_status":"closed","template":"page-blank.php","meta":{"footnotes":""},"yoast_head":"<!-- This site is optimized with the Yoast SEO Premium plugin v18.3 (Yoast SEO v22.7) - https:\/\/yoast.com\/wordpress\/plugins\/seo\/ -->\n<title>Pr\u00f3tesis removibles &#8902; Cl\u00ednica Dental CEMEQ<\/title>\n<meta name=\"description\" content=\"Las pr\u00f3tesis removibles son aquellas que el paciente puede retirar por uno mismo. Cuenta con nosotros para rehabilitar tu dentadura.\" \/>\n<meta name=\"robots\" content=\"index, follow, max-snippet:-1, max-image-preview:large, max-video-preview:-1\" \/>\n<link rel=\"canonical\" href=\"https:\/\/clinicacemeq.es\/dental\/protesis-removible-2\/\" \/>\n<meta property=\"og:locale\" content=\"es_ES\" \/>\n<meta property=\"og:type\" content=\"article\" \/>\n<meta property=\"og:title\" content=\"Pr\u00f3tesis removibles\" \/>\n<meta property=\"og:description\" content=\"Las pr\u00f3tesis removibles son aquellas que el paciente puede retirar por uno mismo. Cuenta con nosotros para rehabilitar tu dentadura.\" \/>\n<meta property=\"og:url\" content=\"https:\/\/clinicacemeq.es\/dental\/protesis-removible-2\/\" \/>\n<meta property=\"og:site_name\" content=\"Cl\u00ednica Dental CEMEQ\" \/>\n<meta property=\"article:modified_time\" content=\"2026-02-10T10:15:35+00:00\" \/>\n<meta property=\"og:image\" content=\"https:\/\/clinicacemeq.es\/dental\/wp-content\/uploads\/2022\/06\/protesis-dental-removible-1.png\" \/>\n\t<meta property=\"og:image:width\" content=\"1000\" \/>\n\t<meta property=\"og:image:height\" content=\"667\" \/>\n\t<meta property=\"og:image:type\" content=\"image\/png\" \/>\n<meta name=\"twitter:card\" content=\"summary_large_image\" \/>\n<meta name=\"twitter:label1\" content=\"Tiempo de lectura\" \/>\n\t<meta name=\"twitter:data1\" content=\"2 minutos\" \/>\n<script type=\"application\/ld+json\" class=\"yoast-schema-graph\">{\"@context\":\"https:\/\/schema.org\",\"@graph\":[{\"@type\":\"WebPage\",\"@id\":\"https:\/\/clinicacemeq.es\/dental\/protesis-removible-2\/\",\"url\":\"https:\/\/clinicacemeq.es\/dental\/protesis-removible-2\/\",\"name\":\"Pr\u00f3tesis removibles &#8902; Cl\u00ednica Dental CEMEQ\",\"isPartOf\":{\"@id\":\"https:\/\/clinicacemeq.es\/dental\/#website\"},\"primaryImageOfPage\":{\"@id\":\"https:\/\/clinicacemeq.es\/dental\/protesis-removible-2\/#primaryimage\"},\"image\":{\"@id\":\"https:\/\/clinicacemeq.es\/dental\/protesis-removible-2\/#primaryimage\"},\"thumbnailUrl\":\"https:\/\/clinicacemeq.es\/dental\/wp-content\/uploads\/2022\/06\/protesis-dental-removible-1.png\",\"datePublished\":\"2022-11-03T16:08:22+00:00\",\"dateModified\":\"2026-02-10T10:15:35+00:00\",\"description\":\"Las pr\u00f3tesis removibles son aquellas que el paciente puede retirar por uno mismo. Cuenta con nosotros para rehabilitar tu dentadura.\",\"breadcrumb\":{\"@id\":\"https:\/\/clinicacemeq.es\/dental\/protesis-removible-2\/#breadcrumb\"},\"inLanguage\":\"es\",\"potentialAction\":[{\"@type\":\"ReadAction\",\"target\":[\"https:\/\/clinicacemeq.es\/dental\/protesis-removible-2\/\"]}]},{\"@type\":\"ImageObject\",\"inLanguage\":\"es\",\"@id\":\"https:\/\/clinicacemeq.es\/dental\/protesis-removible-2\/#primaryimage\",\"url\":\"https:\/\/clinicacemeq.es\/dental\/wp-content\/uploads\/2022\/06\/protesis-dental-removible-1.png\",\"contentUrl\":\"https:\/\/clinicacemeq.es\/dental\/wp-content\/uploads\/2022\/06\/protesis-dental-removible-1.png\",\"width\":1000,\"height\":667,\"caption\":\"protesis-dental-removible-cemeq\"},{\"@type\":\"BreadcrumbList\",\"@id\":\"https:\/\/clinicacemeq.es\/dental\/protesis-removible-2\/#breadcrumb\",\"itemListElement\":[{\"@type\":\"ListItem\",\"position\":1,\"name\":\"Portada\",\"item\":\"https:\/\/clinicacemeq.es\/dental\/\"},{\"@type\":\"ListItem\",\"position\":2,\"name\":\"Pr\u00f3tesis removibles\"}]},{\"@type\":\"WebSite\",\"@id\":\"https:\/\/clinicacemeq.es\/dental\/#website\",\"url\":\"https:\/\/clinicacemeq.es\/dental\/\",\"name\":\"Cl\u00ednica Dental CEMEQ\",\"description\":\"Cl\u00ednica Dental Valencia | Dentista Valencia\",\"publisher\":{\"@id\":\"https:\/\/clinicacemeq.es\/dental\/#organization\"},\"potentialAction\":[{\"@type\":\"SearchAction\",\"target\":{\"@type\":\"EntryPoint\",\"urlTemplate\":\"https:\/\/clinicacemeq.es\/dental\/?s={search_term_string}\"},\"query-input\":\"required name=search_term_string\"}],\"inLanguage\":\"es\"},{\"@type\":\"Organization\",\"@id\":\"https:\/\/clinicacemeq.es\/dental\/#organization\",\"name\":\"CEMEQ\",\"url\":\"https:\/\/clinicacemeq.es\/dental\/\",\"logo\":{\"@type\":\"ImageObject\",\"inLanguage\":\"es\",\"@id\":\"https:\/\/clinicacemeq.es\/dental\/#\/schema\/logo\/image\/\",\"url\":\"https:\/\/clinicacemeq.es\/dental\/wp-content\/uploads\/2021\/07\/LOGO-WEB-1024x631-1.jpeg\",\"contentUrl\":\"https:\/\/clinicacemeq.es\/dental\/wp-content\/uploads\/2021\/07\/LOGO-WEB-1024x631-1.jpeg\",\"width\":1024,\"height\":631,\"caption\":\"CEMEQ\"},\"image\":{\"@id\":\"https:\/\/clinicacemeq.es\/dental\/#\/schema\/logo\/image\/\"}}]}<\/script>\n<!-- \/ Yoast SEO Premium plugin. -->","yoast_head_json":{"title":"Pr\u00f3tesis removibles &#8902; Cl\u00ednica Dental CEMEQ","description":"Las pr\u00f3tesis removibles son aquellas que el paciente puede retirar por uno mismo. Cuenta con nosotros para rehabilitar tu dentadura.","robots":{"index":"index","follow":"follow","max-snippet":"max-snippet:-1","max-image-preview":"max-image-preview:large","max-video-preview":"max-video-preview:-1"},"canonical":"https:\/\/clinicacemeq.es\/dental\/protesis-removible-2\/","og_locale":"es_ES","og_type":"article","og_title":"Pr\u00f3tesis removibles","og_description":"Las pr\u00f3tesis removibles son aquellas que el paciente puede retirar por uno mismo. Cuenta con nosotros para rehabilitar tu dentadura.","og_url":"https:\/\/clinicacemeq.es\/dental\/protesis-removible-2\/","og_site_name":"Cl\u00ednica Dental CEMEQ","article_modified_time":"2026-02-10T10:15:35+00:00","og_image":[{"width":1000,"height":667,"url":"https:\/\/clinicacemeq.es\/dental\/wp-content\/uploads\/2022\/06\/protesis-dental-removible-1.png","type":"image\/png"}],"twitter_card":"summary_large_image","twitter_misc":{"Tiempo de lectura":"2 minutos"},"schema":{"@context":"https:\/\/schema.org","@graph":[{"@type":"WebPage","@id":"https:\/\/clinicacemeq.es\/dental\/protesis-removible-2\/","url":"https:\/\/clinicacemeq.es\/dental\/protesis-removible-2\/","name":"Pr\u00f3tesis removibles &#8902; Cl\u00ednica Dental CEMEQ","isPartOf":{"@id":"https:\/\/clinicacemeq.es\/dental\/#website"},"primaryImageOfPage":{"@id":"https:\/\/clinicacemeq.es\/dental\/protesis-removible-2\/#primaryimage"},"image":{"@id":"https:\/\/clinicacemeq.es\/dental\/protesis-removible-2\/#primaryimage"},"thumbnailUrl":"https:\/\/clinicacemeq.es\/dental\/wp-content\/uploads\/2022\/06\/protesis-dental-removible-1.png","datePublished":"2022-11-03T16:08:22+00:00","dateModified":"2026-02-10T10:15:35+00:00","description":"Las pr\u00f3tesis removibles son aquellas que el paciente puede retirar por uno mismo. Cuenta con nosotros para rehabilitar tu dentadura.","breadcrumb":{"@id":"https:\/\/clinicacemeq.es\/dental\/protesis-removible-2\/#breadcrumb"},"inLanguage":"es","potentialAction":[{"@type":"ReadAction","target":["https:\/\/clinicacemeq.es\/dental\/protesis-removible-2\/"]}]},{"@type":"ImageObject","inLanguage":"es","@id":"https:\/\/clinicacemeq.es\/dental\/protesis-removible-2\/#primaryimage","url":"https:\/\/clinicacemeq.es\/dental\/wp-content\/uploads\/2022\/06\/protesis-dental-removible-1.png","contentUrl":"https:\/\/clinicacemeq.es\/dental\/wp-content\/uploads\/2022\/06\/protesis-dental-removible-1.png","width":1000,"height":667,"caption":"protesis-dental-removible-cemeq"},{"@type":"BreadcrumbList","@id":"https:\/\/clinicacemeq.es\/dental\/protesis-removible-2\/#breadcrumb","itemListElement":[{"@type":"ListItem","position":1,"name":"Portada","item":"https:\/\/clinicacemeq.es\/dental\/"},{"@type":"ListItem","position":2,"name":"Pr\u00f3tesis removibles"}]},{"@type":"WebSite","@id":"https:\/\/clinicacemeq.es\/dental\/#website","url":"https:\/\/clinicacemeq.es\/dental\/","name":"Cl\u00ednica Dental CEMEQ","description":"Cl\u00ednica Dental Valencia | Dentista Valencia","publisher":{"@id":"https:\/\/clinicacemeq.es\/dental\/#organization"},"potentialAction":[{"@type":"SearchAction","target":{"@type":"EntryPoint","urlTemplate":"https:\/\/clinicacemeq.es\/dental\/?s={search_term_string}"},"query-input":"required name=search_term_string"}],"inLanguage":"es"},{"@type":"Organization","@id":"https:\/\/clinicacemeq.es\/dental\/#organization","name":"CEMEQ","url":"https:\/\/clinicacemeq.es\/dental\/","logo":{"@type":"ImageObject","inLanguage":"es","@id":"https:\/\/clinicacemeq.es\/dental\/#\/schema\/logo\/image\/","url":"https:\/\/clinicacemeq.es\/dental\/wp-content\/uploads\/2021\/07\/LOGO-WEB-1024x631-1.jpeg","contentUrl":"https:\/\/clinicacemeq.es\/dental\/wp-content\/uploads\/2021\/07\/LOGO-WEB-1024x631-1.jpeg","width":1024,"height":631,"caption":"CEMEQ"},"image":{"@id":"https:\/\/clinicacemeq.es\/dental\/#\/schema\/logo\/image\/"}}]}},"_links":{"self":[{"href":"https:\/\/clinicacemeq.es\/dental\/wp-json\/wp\/v2\/pages\/9283"}],"collection":[{"href":"https:\/\/clinicacemeq.es\/dental\/wp-json\/wp\/v2\/pages"}],"about":[{"href":"https:\/\/clinicacemeq.es\/dental\/wp-json\/wp\/v2\/types\/page"}],"author":[{"embeddable":true,"href":"https:\/\/clinicacemeq.es\/dental\/wp-json\/wp\/v2\/users\/5"}],"replies":[{"embeddable":true,"href":"https:\/\/clinicacemeq.es\/dental\/wp-json\/wp\/v2\/comments?post=9283"}],"version-history":[{"count":10,"href":"https:\/\/clinicacemeq.es\/dental\/wp-json\/wp\/v2\/pages\/9283\/revisions"}],"predecessor-version":[{"id":12073,"href":"https:\/\/clinicacemeq.es\/dental\/wp-json\/wp\/v2\/pages\/9283\/revisions\/12073"}],"wp:featuredmedia":[{"embeddable":true,"href":"https:\/\/clinicacemeq.es\/dental\/wp-json\/wp\/v2\/media\/5131"}],"wp:attachment":[{"href":"https:\/\/clinicacemeq.es\/dental\/wp-json\/wp\/v2\/media?parent=9283"}],"curies":[{"name":"wp","href":"https:\/\/api.w.org\/{rel}","templated":true}]}}