{"id":11818,"date":"2024-06-25T19:18:35","date_gmt":"2024-06-25T19:18:35","guid":{"rendered":"https:\/\/clinicacemeq.es\/dental\/?page_id=11818"},"modified":"2024-07-01T13:23:29","modified_gmt":"2024-07-01T13:23:29","slug":"ortodoncia-lp","status":"publish","type":"page","link":"https:\/\/clinicacemeq.es\/dental\/ortodoncia-lp\/","title":{"rendered":"Ortodoncia lp"},"content":{"rendered":"<div class=\"row\"  id=\"row-1582336423\">\n\n\t<div id=\"col-1279618321\" class=\"col small-12 large-12\"  >\n\t\t\t\t<div class=\"col-inner text-center dark\" style=\"background-color:rgba(0, 0, 0, 0);\" >\n\t\t\t\n\t\t\t\n<div class=\"ux-logo has-hover align-middle ux_logo inline-block\" style=\"max-width: 100%!important; width: 210.37142857143px!important\"><a class=\"ux-logo-link block image-\" title=\"\"  href=\"https:\/\/clinicacemeq.es\/dental\/\" style=\"padding: 15px;\"><img decoding=\"async\" src=\"https:\/\/clinicacemeq.es\/dental\/wp-content\/uploads\/2024\/02\/logo-cemeq-clinica-dental-y-medicina-estetica.png\" title=\"\" alt=\"\" class=\"ux-logo-image block\" style=\"height:118px;\" \/><\/a><\/div>\n\t\t<\/div>\n\t\t\t\t\t<\/div>\n\n\t\n<\/div>\n\t<section class=\"section\" id=\"section_829478315\">\n\t\t<div class=\"bg section-bg fill bg-fill  bg-loaded\" >\n\n\t\t\t\n\t\t\t\n\t\t\t\n\n\t\t<\/div>\n\n\t\t\n\n\t\t<div class=\"section-content relative\">\n\t\t\t\n\t<div id=\"text-1873640899\" class=\"text landingOrtodoncia\">\n\t\t\n<h1>ORTODONCIA INVISIBLE O TRADICIONAL<\/h1>\n\t\t\n<style>\n#text-1873640899 {\n  font-size: 1.5rem;\n  text-align: center;\n  color: #99824d;\n}\n#text-1873640899 > * {\n  color: #99824d;\n}\n<\/style>\n\t<\/div>\n\t\n\t\t<\/div>\n\n\t\t\n<style>\n#section_829478315 {\n  padding-top: 0px;\n  padding-bottom: 0px;\n}\n#section_829478315 .ux-shape-divider--top svg {\n  height: 150px;\n  --divider-top-width: 100%;\n}\n#section_829478315 .ux-shape-divider--bottom svg {\n  height: 150px;\n  --divider-width: 100%;\n}\n<\/style>\n\t<\/section>\n\t\n<div class=\"row\"  id=\"row-1501715870\">\n\n\t<div id=\"col-724394998\" class=\"col medium-12 small-12 large-6\"  >\n\t\t\t\t<div class=\"col-inner\"  >\n\t\t\t\n\t\t\t\n\t<div class=\"img has-hover x md-x lg-x y md-y lg-y\" id=\"image_252295380\">\n\t\t\t\t\t\t\t\t<div class=\"img-inner dark\" >\n\t\t\t<img loading=\"lazy\" decoding=\"async\" width=\"800\" height=\"800\" src=\"https:\/\/clinicacemeq.es\/dental\/wp-content\/uploads\/2021\/07\/Fotos-cemeq-5-1-1024x1024.jpg\" class=\"attachment-large size-large\" alt=\"Ortodoncia invisible invisalign\" srcset=\"https:\/\/clinicacemeq.es\/dental\/wp-content\/uploads\/2021\/07\/Fotos-cemeq-5-1-1024x1024.jpg 1024w, https:\/\/clinicacemeq.es\/dental\/wp-content\/uploads\/2021\/07\/Fotos-cemeq-5-1-300x300.jpg 300w, https:\/\/clinicacemeq.es\/dental\/wp-content\/uploads\/2021\/07\/Fotos-cemeq-5-1-150x150.jpg 150w, https:\/\/clinicacemeq.es\/dental\/wp-content\/uploads\/2021\/07\/Fotos-cemeq-5-1-768x768.jpg 768w, https:\/\/clinicacemeq.es\/dental\/wp-content\/uploads\/2021\/07\/Fotos-cemeq-5-1-100x100.jpg 100w, https:\/\/clinicacemeq.es\/dental\/wp-content\/uploads\/2021\/07\/Fotos-cemeq-5-1-140x140.jpg 140w, https:\/\/clinicacemeq.es\/dental\/wp-content\/uploads\/2021\/07\/Fotos-cemeq-5-1-500x500.jpg 500w, https:\/\/clinicacemeq.es\/dental\/wp-content\/uploads\/2021\/07\/Fotos-cemeq-5-1-350x350.jpg 350w, https:\/\/clinicacemeq.es\/dental\/wp-content\/uploads\/2021\/07\/Fotos-cemeq-5-1-1000x1000.jpg 1000w, https:\/\/clinicacemeq.es\/dental\/wp-content\/uploads\/2021\/07\/Fotos-cemeq-5-1-800x800.jpg 800w, https:\/\/clinicacemeq.es\/dental\/wp-content\/uploads\/2021\/07\/Fotos-cemeq-5-1.jpg 1200w\" sizes=\"(max-width: 800px) 100vw, 800px\" \/>\t\t\t\t\t\t\n\t\t\t\t\t<\/div>\n\t\t\t\t\t\t\t\t\n<style>\n#image_252295380 {\n  width: 100%;\n}\n<\/style>\n\t<\/div>\n\t\n\t\t<\/div>\n\t\t\t\t\t<\/div>\n\n\t\n\n\t<div id=\"col-1689810009\" class=\"col medium-12 small-12 large-6\"  >\n\t\t\t\t<div class=\"col-inner\"  >\n\t\t\t\n\t\t\t\n\n<h1 style=\"font-size: 2em; color: #4a4a49;\">Desde 37,74\u20ac\/mes<\/h1>\n<p style=\"color: #99824d; font-weight: bold;\">REGALO: tratamiento de Blanqueamiento Dental<\/p>\n<ul style=\"list-style-type: none; padding: 0; font-weight: bold;\">\n<li style=\"padding: 5px 0; font-size: 16px; color: #333333;\">\u2022 Estudio y diagn\u00f3stico gratuitos<\/li>\n<li style=\"padding: 5px 0; font-size: 16px; color: #333333;\">\u2022 Financiaci\u00f3n hasta 60 meses<\/li>\n<li style=\"padding: 5px 0; font-size: 16px; color: #333333;\">\u2022 Profesionales especializados<\/li>\n<li style=\"padding: 5px 0; font-size: 16px; color: #333333;\">\u2022 Corrige la mala alineaci\u00f3n de los dientes y mand\u00edbulas<\/li>\n<li style=\"padding: 5px 0; font-size: 16px; color: #333333;\">\u2022 Mejora tu sonrisa<\/li>\n<li style=\"padding: 5px 0; font-size: 16px; color: #333333;\">\u2022 Olv\u00eddate de los problemas de mordida<\/li>\n<li style=\"padding: 5px 0; font-size: 16px; color: #333333;\">\u2022 Los dientes rectos mejoran la salud bucal<\/li>\n<\/ul>\n<h2 style=\"font-size: 1.5em; color: #4a4a49; margin-top: 20px;\">Pide tu primera Cita \u00a1AHORA!<\/h2>\n<div><div class=\"wpforms-container wpforms-container-full wpforms-render-modern\" id=\"wpforms-11829\"><form id=\"wpforms-form-11829\" class=\"wpforms-validate wpforms-form wpforms-ajax-form\" data-formid=\"11829\" method=\"post\" enctype=\"multipart\/form-data\" action=\"\/dental\/wp-json\/wp\/v2\/pages\/11818\" data-token=\"9917f515fb11395108e07f2d882c2554\" data-token-time=\"1777988703\"><noscript class=\"wpforms-error-noscript\">Por favor, activa JavaScript en tu navegador para completar este formulario.<\/noscript><div class=\"wpforms-hidden\" id=\"wpforms-error-noscript\">Por favor, activa JavaScript en tu navegador para completar este formulario.<\/div><div class=\"wpforms-field-container\"><div id=\"wpforms-11829-field_2-container\" class=\"wpforms-field wpforms-field-text\" data-field-id=\"2\"><label class=\"wpforms-field-label\" for=\"wpforms-11829-field_2\">Nombre <span class=\"wpforms-required-label\" aria-hidden=\"true\">*<\/span><\/label><input type=\"text\" id=\"wpforms-11829-field_2\" class=\"wpforms-field-large wpforms-field-required\" name=\"wpforms[fields][2]\" aria-errormessage=\"wpforms-11829-field_2-error\" required><\/div><div id=\"wpforms-11829-field_3-container\" class=\"wpforms-field wpforms-field-email\" data-field-id=\"3\"><label class=\"wpforms-field-label\" for=\"wpforms-11829-field_3\">Correo <span class=\"wpforms-required-label\" aria-hidden=\"true\">*<\/span><\/label><input type=\"email\" id=\"wpforms-11829-field_3\" class=\"wpforms-field-large wpforms-field-required\" name=\"wpforms[fields][3]\" spellcheck=\"false\" aria-errormessage=\"wpforms-11829-field_3-error\" required><\/div><div id=\"wpforms-11829-field_4-container\" class=\"wpforms-field wpforms-field-number\" data-field-id=\"4\"><label class=\"wpforms-field-label\" for=\"wpforms-11829-field_4\">N\u00ba de tel\u00e9fono <span class=\"wpforms-required-label\" aria-hidden=\"true\">*<\/span><\/label><input type=\"number\" id=\"wpforms-11829-field_4\" class=\"wpforms-field-large wpforms-field-required\" name=\"wpforms[fields][4]\" aria-errormessage=\"wpforms-11829-field_4-error\" required><\/div><div id=\"wpforms-11829-field_6-container\" class=\"wpforms-field wpforms-field-checkbox\" data-field-id=\"6\"><fieldset><legend class=\"wpforms-field-label wpforms-label-hide\" aria-hidden=\"false\">Casillas de verificaci\u00f3n <span class=\"wpforms-required-label\" aria-hidden=\"true\">*<\/span><\/legend><ul id=\"wpforms-11829-field_6\" class=\"wpforms-field-required\"><li class=\"choice-1 depth-1\"><input type=\"checkbox\" id=\"wpforms-11829-field_6_1\" name=\"wpforms[fields][6][]\" value=\"He le\u00eddo y acepto la &lt;a href=&quot;https:\/\/clinicacemeq.es\/dental\/politica-privacidad\/&quot; target=&quot;_blank&quot; rel=&quot;noopener&quot;&gt;Pol\u00edtica de Privacidad y Protecci\u00f3n de Datos&lt;\/a&gt;.\" aria-errormessage=\"wpforms-11829-field_6_1-error\" aria-describedby=\"wpforms-11829-field_6-description\" required ><label class=\"wpforms-field-label-inline\" for=\"wpforms-11829-field_6_1\">He le\u00eddo y acepto la <a href=\"https:\/\/clinicacemeq.es\/dental\/politica-privacidad\/\" target=\"_blank\" rel=\"noopener\">Pol\u00edtica de Privacidad y Protecci\u00f3n de Datos<\/a>. <span class=\"wpforms-required-label\">*<\/span><\/label><\/li><\/ul><div id=\"wpforms-11829-field_6-description\" class=\"wpforms-field-description wpforms-disclaimer-description\"><p style=\"font-size: 10px;\">CLINICA CEMEQ SOCIEDAD LIMITADA, en calidad de responsable del tratamiento, tratar\u00e1 los datos recogidos con la finalidad de gestionar su solicitud de descarga del ebook y gestionar el inter\u00e9s mostrado en los productos y servicios de CEMEQ, bas\u00e1ndose en el consentimiento que expresamente manifiesta al remitir el presente formulario. Estos datos no ser\u00e1n comunicados a terceros salvo obligaci\u00f3n legal ni ser\u00e1n objeto de transferencias internacionales de datos. Puede ejercer sus derechos de acceso, rectificaci\u00f3n, supresi\u00f3n, portabilidad, limitaci\u00f3n del tratamiento y oposici\u00f3n en el correo <a href=\"mailto:info@clinicacemeq.es\" rel=\"noopener\">info@clinicacemeq.es<\/a>, tal como se indica en la <a href=\"https:\/\/clinicacemeq.es\/dental\/politica-privacidad\/\" rel=\"noopener\" target=\"_blank\">Pol\u00edtica de Privacidad<\/a>, donde dispone de m\u00e1s informaci\u00f3n sobre el tratamiento.<\/p><\/div><\/fieldset><\/div><\/div><!-- .wpforms-field-container --><div class=\"wpforms-submit-container\" ><input type=\"hidden\" name=\"wpforms[id]\" value=\"11829\"><input type=\"hidden\" name=\"page_title\" value=\"\"><input type=\"hidden\" name=\"page_url\" value=\"https:\/\/clinicacemeq.es\/dental\/wp-json\/wp\/v2\/pages\/11818\"><button type=\"submit\" name=\"wpforms[submit]\" id=\"wpforms-submit-11829\" class=\"wpforms-submit\" data-alt-text=\"Enviando reserva...\" data-submit-text=\"Enviar\" aria-live=\"assertive\" value=\"wpforms-submit\">Enviar<\/button><img loading=\"lazy\" decoding=\"async\" src=\"https:\/\/clinicacemeq.es\/dental\/wp-content\/plugins\/wpforms-lite\/assets\/images\/submit-spin.svg\" class=\"wpforms-submit-spinner\" style=\"display: none;\" width=\"26\" height=\"26\" alt=\"Cargando\"><\/div><\/form><\/div>  <!-- .wpforms-container --><\/div>\n\n\t\t<\/div>\n\t\t\t\t\t<\/div>\n\n\t\n<\/div>\n\t<section class=\"section localizacion\" id=\"section_1676482125\">\n\t\t<div class=\"bg section-bg fill bg-fill  bg-loaded\" >\n\n\t\t\t\n\t\t\t\n\t\t\t\n\n\t\t<\/div>\n\n\t\t\n\n\t\t<div class=\"section-content relative\">\n\t\t\t\n<div class=\"row row-full-width align-middle localizacionBorde\"  id=\"row-365677541\">\n\n\t<div id=\"col-354561090\" class=\"col medium-4 small-12 large-4\"  >\n\t\t\t\t<div class=\"col-inner\"  >\n\t\t\t\n\t\t\t\n<h3 style=\"color: #99824d; font-weight: normal;\">Localizaci\u00f3n Cl\u00ednica CEMEQ<\/h3>\n<p style=\"color: #99824d; font-weight: bold; margin: 0;\">Gran V\u00eda del Marqu\u00e9s del T\u00faria, 37 bajo derecha.<br \/>\n46005 &#8211; Valencia<\/p>\n<p style=\"color: #99824d; margin: 10px 0;\"><span style=\"display: block;\">Tel: +34 963 059 010<\/span><br \/>\n<span style=\"display: block;\">M\u00f3vil: +34 621 219 822<\/span><br \/>\n<span style=\"display: block;\"> <a style=\"color: #99824d; text-decoration: none;\" href=\"mailto:info@clinicacemeg.es\">info@clinicacemeg.es<\/a><\/span><\/p>\n<p style=\"color: #99824d; margin: 10px 0;\">Horario de Lunes a Viernes:<br \/>\n09:30 hrs a 13:30 hrs<br \/>\n16:00 hrs a 20:00 hrs<\/p>\n\t\t<\/div>\n\t\t\t\t\t<\/div>\n\n\t\n\n\t<div id=\"col-1349996114\" class=\"col mapsOrtodoncia medium-8 small-12 large-8\"  >\n\t\t\t\t<div class=\"col-inner text-center\"  >\n\t\t\t\n\t\t\t\n\n<div class=\"col-md-9 p-3\"><iframe loading=\"lazy\" style=\"border: 0;\" src=\"https:\/\/www.google.com\/maps\/embed?pb=!1m18!1m12!1m3!1d3080.124845108722!2d-0.37318872348030274!3d39.46650821292335!2m3!1f0!2f0!3f0!3m2!1i1024!2i768!4f13.1!3m3!1m2!1s0xd6049c87c3494fd%3A0x728cbc27f666f34b!2sCl%C3%ADnica%20CEMEQ!5e0!3m2!1ses!2ses!4v1684494568603!5m2!1ses!2ses\" width=\"100%\" height=\"410\" allowfullscreen=\"allowfullscreen\"><\/iframe><\/div>\n\n\t\t<\/div>\n\t\t\t\t\n<style>\n#col-1349996114 > .col-inner {\n  margin: 40px 0px 0px 0px;\n}\n<\/style>\n\t<\/div>\n\n\t\n\n<style>\n#row-365677541 > .col > .col-inner {\n  padding: 0px 10px 0px 10px;\n}\n<\/style>\n<\/div>\n\t\t<\/div>\n\n\t\t\n<style>\n#section_1676482125 {\n  padding-top: 50px;\n  padding-bottom: 50px;\n}\n#section_1676482125 .ux-shape-divider--top svg {\n  height: 150px;\n  --divider-top-width: 100%;\n}\n#section_1676482125 .ux-shape-divider--bottom svg {\n  height: 150px;\n  --divider-width: 100%;\n}\n<\/style>\n\t<\/section>\n\t\n\t<section class=\"section landingCompartir\" id=\"section_303723401\">\n\t\t<div class=\"bg section-bg fill bg-fill  bg-loaded\" >\n\n\t\t\t\n\t\t\t\n\t\t\t\n\n\t\t<\/div>\n\n\t\t\n\n\t\t<div class=\"section-content relative\">\n\t\t\t\n<div class=\"row\"  id=\"row-244193017\">\n\n\t<div id=\"col-152642297\" class=\"col small-12 large-12\"  >\n\t\t\t\t<div class=\"col-inner text-left\"  >\n\t\t\t\n\t\t\t\n<p>Seguro que conoces a alguien a quien tambi\u00e9n le pueda interesar<\/p>\n<h3 style=\"color: #99824d; \">COMP\u00c1RTELO<\/h3>\n<div class=\"social-icons follow-icons socialOrtodoncia\" style=\"font-size:70%\"><a href=\"https:\/\/www.facebook.com\/share.php?u=https%3A%2F%2Fdental.clinicacemeq.es%2Fortodoncia-lp%3Futm_medium%3Dsocial&utm_source=facebook&checkpoint_src=any\" target=\"_blank\" data-label=\"Facebook\" rel=\"noopener noreferrer nofollow\" class=\"icon primary button circle facebook tooltip\" title=\"S\u00edguenos en Facebook\" aria-label=\"S\u00edguenos en Facebook\"><i class=\"icon-facebook\" ><\/i><\/a><a href=\"https:\/\/x.com\/intent\/post?original_referer=https%3A%2F%2Fdental.clinicacemeq.es%2Fortodoncia-lp%3Futm_medium%3Dsocial&utm_source=twitter&utm_source=twitter&url=https%3A%2F%2Fdental.clinicacemeq.es%2Fortodoncia-lp%3Futm_medium%3Dsocial&source=tweetbutton&text=\" target=\"_blank\" data-label=\"Twitter\" rel=\"noopener noreferrer nofollow\" class=\"icon primary button circle  twitter tooltip\" title=\"S\u00edguenos en Twitter\" aria-label=\"S\u00edguenos en Twitter\"><i class=\"icon-twitter\" ><\/i><\/a><\/div>\n\t\t<\/div>\n\t\t\t\t\n<style>\n#col-152642297 > .col-inner {\n  padding: 0px 20px 0px 20px;\n  margin: 0 0px 0px 0px;\n}\n<\/style>\n\t<\/div>\n\n\t\n<\/div>\n\t\t<\/div>\n\n\t\t\n<style>\n#section_303723401 {\n  padding-top: 30px;\n  padding-bottom: 30px;\n  background-color: rgb(233, 236, 239);\n}\n#section_303723401 .ux-shape-divider--top svg {\n  height: 150px;\n  --divider-top-width: 100%;\n}\n#section_303723401 .ux-shape-divider--bottom svg {\n  height: 150px;\n  --divider-width: 100%;\n}\n<\/style>\n\t<\/section>\n\t\n\t<section class=\"section dark\" id=\"section_1623105643\">\n\t\t<div class=\"bg section-bg fill bg-fill  bg-loaded\" >\n\n\t\t\t\n\t\t\t\n\t\t\t\n\n\t\t<\/div>\n\n\t\t\n\n\t\t<div class=\"section-content relative\">\n\t\t\t\n<div class=\"row align-middle align-center row-dashed\" style=\"max-width:\" id=\"row-2109189915\">\n\n\t<div id=\"col-641115505\" class=\"col medium-5 small-12 large-12\"  >\n\t\t\t\t<div class=\"col-inner text-center\"  >\n\t\t\t\n\t\t\t\n<a href=\"https:\/\/clinicacemeq.es\/dental\/aviso-legal\/\" target=\"_self\" class=\"button white is-link\"  >\n    <span>Aviso legal<\/span>\n  <\/a>\n\n<a href=\"https:\/\/clinicacemeq.es\/dental\/politica-privacidad\/\" target=\"_self\" class=\"button white is-link\"  >\n    <span>Pol\u00edtica de privacidad<\/span>\n  <\/a>\n\n<a href=\"https:\/\/clinicacemeq.es\/dental\/politica-de-cookies\/\" target=\"_self\" class=\"button white is-link\"  >\n    <span>Pol\u00edtica de cookies<\/span>\n  <\/a>\n\n\t\t<\/div>\n\t\t\t\t\t<\/div>\n\n\t\n<\/div>\n\t\t<\/div>\n\n\t\t\n<style>\n#section_1623105643 {\n  padding-top: 10px;\n  padding-bottom: 10px;\n  background-color: rgb(153, 130, 77);\n}\n#section_1623105643 .ux-shape-divider--top svg {\n  height: 150px;\n  --divider-top-width: 100%;\n}\n#section_1623105643 .ux-shape-divider--bottom svg {\n  height: 150px;\n  --divider-width: 100%;\n}\n<\/style>\n\t<\/section>\n\t\n","protected":false},"excerpt":{"rendered":"","protected":false},"author":5,"featured_media":0,"parent":0,"menu_order":0,"comment_status":"closed","ping_status":"closed","template":"page-blank-landingpage.php","meta":{"footnotes":""},"yoast_head":"<!-- This site is optimized with the Yoast SEO Premium plugin v18.3 (Yoast SEO v22.7) - https:\/\/yoast.com\/wordpress\/plugins\/seo\/ -->\n<title>Ortodoncia lp &#8902; Cl\u00ednica Dental CEMEQ<\/title>\n<meta name=\"robots\" content=\"index, follow, max-snippet:-1, max-image-preview:large, max-video-preview:-1\" \/>\n<link rel=\"canonical\" href=\"https:\/\/clinicacemeq.es\/dental\/ortodoncia-lp\/\" \/>\n<meta property=\"og:locale\" content=\"es_ES\" \/>\n<meta property=\"og:type\" content=\"article\" \/>\n<meta property=\"og:title\" content=\"Ortodoncia lp\" \/>\n<meta property=\"og:url\" content=\"https:\/\/clinicacemeq.es\/dental\/ortodoncia-lp\/\" \/>\n<meta property=\"og:site_name\" content=\"Cl\u00ednica Dental CEMEQ\" \/>\n<meta property=\"article:modified_time\" content=\"2024-07-01T13:23:29+00:00\" \/>\n<meta name=\"twitter:card\" content=\"summary_large_image\" \/>\n<meta name=\"twitter:label1\" content=\"Tiempo de lectura\" \/>\n\t<meta name=\"twitter:data1\" content=\"2 minutos\" \/>\n<script type=\"application\/ld+json\" class=\"yoast-schema-graph\">{\"@context\":\"https:\/\/schema.org\",\"@graph\":[{\"@type\":\"WebPage\",\"@id\":\"https:\/\/clinicacemeq.es\/dental\/ortodoncia-lp\/\",\"url\":\"https:\/\/clinicacemeq.es\/dental\/ortodoncia-lp\/\",\"name\":\"Ortodoncia lp &#8902; Cl\u00ednica Dental CEMEQ\",\"isPartOf\":{\"@id\":\"https:\/\/clinicacemeq.es\/dental\/#website\"},\"datePublished\":\"2024-06-25T19:18:35+00:00\",\"dateModified\":\"2024-07-01T13:23:29+00:00\",\"breadcrumb\":{\"@id\":\"https:\/\/clinicacemeq.es\/dental\/ortodoncia-lp\/#breadcrumb\"},\"inLanguage\":\"es\",\"potentialAction\":[{\"@type\":\"ReadAction\",\"target\":[\"https:\/\/clinicacemeq.es\/dental\/ortodoncia-lp\/\"]}]},{\"@type\":\"BreadcrumbList\",\"@id\":\"https:\/\/clinicacemeq.es\/dental\/ortodoncia-lp\/#breadcrumb\",\"itemListElement\":[{\"@type\":\"ListItem\",\"position\":1,\"name\":\"Portada\",\"item\":\"https:\/\/clinicacemeq.es\/dental\/\"},{\"@type\":\"ListItem\",\"position\":2,\"name\":\"Ortodoncia lp\"}]},{\"@type\":\"WebSite\",\"@id\":\"https:\/\/clinicacemeq.es\/dental\/#website\",\"url\":\"https:\/\/clinicacemeq.es\/dental\/\",\"name\":\"Cl\u00ednica Dental CEMEQ\",\"description\":\"Cl\u00ednica Dental Valencia | Dentista Valencia\",\"publisher\":{\"@id\":\"https:\/\/clinicacemeq.es\/dental\/#organization\"},\"potentialAction\":[{\"@type\":\"SearchAction\",\"target\":{\"@type\":\"EntryPoint\",\"urlTemplate\":\"https:\/\/clinicacemeq.es\/dental\/?s={search_term_string}\"},\"query-input\":\"required name=search_term_string\"}],\"inLanguage\":\"es\"},{\"@type\":\"Organization\",\"@id\":\"https:\/\/clinicacemeq.es\/dental\/#organization\",\"name\":\"CEMEQ\",\"url\":\"https:\/\/clinicacemeq.es\/dental\/\",\"logo\":{\"@type\":\"ImageObject\",\"inLanguage\":\"es\",\"@id\":\"https:\/\/clinicacemeq.es\/dental\/#\/schema\/logo\/image\/\",\"url\":\"https:\/\/clinicacemeq.es\/dental\/wp-content\/uploads\/2021\/07\/LOGO-WEB-1024x631-1.jpeg\",\"contentUrl\":\"https:\/\/clinicacemeq.es\/dental\/wp-content\/uploads\/2021\/07\/LOGO-WEB-1024x631-1.jpeg\",\"width\":1024,\"height\":631,\"caption\":\"CEMEQ\"},\"image\":{\"@id\":\"https:\/\/clinicacemeq.es\/dental\/#\/schema\/logo\/image\/\"}}]}<\/script>\n<!-- \/ Yoast SEO Premium plugin. -->","yoast_head_json":{"title":"Ortodoncia lp &#8902; Cl\u00ednica Dental CEMEQ","robots":{"index":"index","follow":"follow","max-snippet":"max-snippet:-1","max-image-preview":"max-image-preview:large","max-video-preview":"max-video-preview:-1"},"canonical":"https:\/\/clinicacemeq.es\/dental\/ortodoncia-lp\/","og_locale":"es_ES","og_type":"article","og_title":"Ortodoncia lp","og_url":"https:\/\/clinicacemeq.es\/dental\/ortodoncia-lp\/","og_site_name":"Cl\u00ednica Dental CEMEQ","article_modified_time":"2024-07-01T13:23:29+00:00","twitter_card":"summary_large_image","twitter_misc":{"Tiempo de lectura":"2 minutos"},"schema":{"@context":"https:\/\/schema.org","@graph":[{"@type":"WebPage","@id":"https:\/\/clinicacemeq.es\/dental\/ortodoncia-lp\/","url":"https:\/\/clinicacemeq.es\/dental\/ortodoncia-lp\/","name":"Ortodoncia lp &#8902; Cl\u00ednica Dental CEMEQ","isPartOf":{"@id":"https:\/\/clinicacemeq.es\/dental\/#website"},"datePublished":"2024-06-25T19:18:35+00:00","dateModified":"2024-07-01T13:23:29+00:00","breadcrumb":{"@id":"https:\/\/clinicacemeq.es\/dental\/ortodoncia-lp\/#breadcrumb"},"inLanguage":"es","potentialAction":[{"@type":"ReadAction","target":["https:\/\/clinicacemeq.es\/dental\/ortodoncia-lp\/"]}]},{"@type":"BreadcrumbList","@id":"https:\/\/clinicacemeq.es\/dental\/ortodoncia-lp\/#breadcrumb","itemListElement":[{"@type":"ListItem","position":1,"name":"Portada","item":"https:\/\/clinicacemeq.es\/dental\/"},{"@type":"ListItem","position":2,"name":"Ortodoncia lp"}]},{"@type":"WebSite","@id":"https:\/\/clinicacemeq.es\/dental\/#website","url":"https:\/\/clinicacemeq.es\/dental\/","name":"Cl\u00ednica Dental CEMEQ","description":"Cl\u00ednica Dental Valencia | Dentista Valencia","publisher":{"@id":"https:\/\/clinicacemeq.es\/dental\/#organization"},"potentialAction":[{"@type":"SearchAction","target":{"@type":"EntryPoint","urlTemplate":"https:\/\/clinicacemeq.es\/dental\/?s={search_term_string}"},"query-input":"required name=search_term_string"}],"inLanguage":"es"},{"@type":"Organization","@id":"https:\/\/clinicacemeq.es\/dental\/#organization","name":"CEMEQ","url":"https:\/\/clinicacemeq.es\/dental\/","logo":{"@type":"ImageObject","inLanguage":"es","@id":"https:\/\/clinicacemeq.es\/dental\/#\/schema\/logo\/image\/","url":"https:\/\/clinicacemeq.es\/dental\/wp-content\/uploads\/2021\/07\/LOGO-WEB-1024x631-1.jpeg","contentUrl":"https:\/\/clinicacemeq.es\/dental\/wp-content\/uploads\/2021\/07\/LOGO-WEB-1024x631-1.jpeg","width":1024,"height":631,"caption":"CEMEQ"},"image":{"@id":"https:\/\/clinicacemeq.es\/dental\/#\/schema\/logo\/image\/"}}]}},"_links":{"self":[{"href":"https:\/\/clinicacemeq.es\/dental\/wp-json\/wp\/v2\/pages\/11818"}],"collection":[{"href":"https:\/\/clinicacemeq.es\/dental\/wp-json\/wp\/v2\/pages"}],"about":[{"href":"https:\/\/clinicacemeq.es\/dental\/wp-json\/wp\/v2\/types\/page"}],"author":[{"embeddable":true,"href":"https:\/\/clinicacemeq.es\/dental\/wp-json\/wp\/v2\/users\/5"}],"replies":[{"embeddable":true,"href":"https:\/\/clinicacemeq.es\/dental\/wp-json\/wp\/v2\/comments?post=11818"}],"version-history":[{"count":39,"href":"https:\/\/clinicacemeq.es\/dental\/wp-json\/wp\/v2\/pages\/11818\/revisions"}],"predecessor-version":[{"id":11886,"href":"https:\/\/clinicacemeq.es\/dental\/wp-json\/wp\/v2\/pages\/11818\/revisions\/11886"}],"wp:attachment":[{"href":"https:\/\/clinicacemeq.es\/dental\/wp-json\/wp\/v2\/media?parent=11818"}],"curies":[{"name":"wp","href":"https:\/\/api.w.org\/{rel}","templated":true}]}}